{"id":1295,"date":"2024-04-20T10:42:50","date_gmt":"2024-04-20T08:42:50","guid":{"rendered":"http:\/\/strasbourgeauxvives.org\/site\/index.php\/one-page-express\/"},"modified":"2026-04-03T19:00:41","modified_gmt":"2026-04-03T17:00:41","slug":"one-page-express","status":"publish","type":"page","link":"https:\/\/www.strasbourgeauxvives.org\/site\/","title":{"rendered":"Front Page"},"content":{"rendered":"<div  id=\"overlapable-3\" class=\"features-image-cards-section stripped-features-image-cards-section\" style=\"background-color: rgb(255, 255, 255); background-image: none;\" data-label=\"Overlapable\" data-id=\"stripped-features-image-cards-section\" data-category=\"overlapable\" data-=\"\" data-overlap=\"true\" data-ovid=\"ovid-overlapable-3-108\">\n<div  class=\"gridContainer\">\n<div  class=\"features-image-cards-innerrow flexbox-list\" data-type=\"row\">\n<div  class=\"features-image-cards-cardcol cp4cols cp6cols-tablet\">\n<div  class=\"features-image-cards-cardrow\"><img  decoding=\"async\" class=\"features-image-cards-featimg lazy loaded entered\" src=\"https:\/\/www.strasbourgeauxvives.org\/site\/wp-content\/uploads\/2020\/05\/jeunes8-16-compresse\u0301.jpg\" alt=\"\" data-src=\"https:\/\/www.strasbourgeauxvives.org\/site\/wp-content\/uploads\/2020\/05\/jeunes8-16-compresse\u0301.jpg\" data-was-processed=\"true\" data-ll-status=\"loaded\">\n<div  class=\"features-image-cards-cardtextrow\" data-type=\"column\">\n<h4  class=\"\">Stages d\u2019\u00e9t\u00e9 2026<\/h4>\n<p  class=\"\">Stage de cano\u00eb-kayak en juillet et ao\u00fbt du lundi au vendredi pour les jeunes de 8 \u00e0 17 ans.<\/p>\n\n\n<hr  class=\"features-image-cards-separator\">\n\n<a  class=\"button color2\" href=\"https:\/\/www.strasbourgeauxvives.org\/site\/index.php\/activites-pour-tous\/stage-ete-jeunes\" target=\"_self\" rel=\"noopener\" data-icon=\"\">Plus d\u2019informations \u2013 r\u00e9servation en ligne<\/a>\n\n<\/div>\n<\/div>\n<\/div>\n<div  class=\"features-image-cards-cardcol cp4cols cp6cols-tablet\">\n<div  class=\"features-image-cards-cardrow\"><img  decoding=\"async\" class=\"features-image-cards-featimg lazy loaded entered\" src=\"https:\/\/www.strasbourgeauxvives.org\/site\/wp-content\/uploads\/2020\/07\/IMG_3516-min.jpg\" alt=\"\" data-src=\"https:\/\/www.strasbourgeauxvives.org\/site\/wp-content\/uploads\/2020\/07\/IMG_3516-min.jpg\" data-was-processed=\"true\" data-ll-status=\"loaded\">\n<div  class=\"features-image-cards-cardtextrow\" data-type=\"column\">\n<h4  class=\"\">Randonn\u00e9es nautiques 2026<\/h4>\n<p  class=\"\">D\u00e9couvrez nos disponibilit\u00e9s et notre parcours du tour de l\u2019aar<\/p>\n\n\n<hr  class=\"features-image-cards-separator\">\n\n<a  class=\"button color2\" href=\"https:\/\/www.strasbourgeauxvives.org\/site\/index.php\/strasbourg-tour-de-laar\/#page-content\" rel=\"noopener\" data-icon=\"\" target=\"_self\">Plus d\u2019informations \u2013 r\u00e9servation en ligne<\/a>\n\n<\/div>\n<\/div>\n<\/div>\n<div  class=\"features-image-cards-cardcol cp4cols cp6cols-tablet\">\n<div  class=\"features-image-cards-cardrow\"><img  decoding=\"async\" class=\"features-image-cards-featimg lazy loaded entered\" src=\"https:\/\/www.strasbourgeauxvives.org\/site\/wp-content\/uploads\/2019\/03\/43345712130_2b599f43e2_o.jpg\" alt=\"\" data-src=\"https:\/\/www.strasbourgeauxvives.org\/site\/wp-content\/uploads\/2019\/03\/43345712130_2b599f43e2_o.jpg\" data-was-processed=\"true\" data-ll-status=\"loaded\">\n<div  class=\"features-image-cards-cardtextrow\" data-type=\"column\">\n<h4  class=\"\">Sport pour tous<\/h4>\n<p  class=\"\">Strasbourg Eaux-Vives ouvre en septembre 2023 une section sport pour tous \u00e0 destination des personnes en situation de handicap. Notre section est ouverte aux particuliers et aux instituts m\u00e9dico\u00e9ducatifs (IME).<\/p>\n\n\n<hr  class=\"features-image-cards-separator\">\n\n<a  class=\"button color1\" href=\"https:\/\/www.strasbourgeauxvives.org\/site\/index.php\/sport-pour-tous\" target=\"_self\" rel=\"noopener\" data-icon=\"\">Plus d\u2019informations<\/a>\n\n<\/div>\n<\/div>\n<\/div>\n<\/div>\n<\/div>\n<\/div><div  id=\"latest-posts\" class=\"blog-section\" style=\"background-color: #f6f6f6; background-image: none;\" data-label=\"Latest posts\" data-id=\"blog-section\" data-category=\"latest_news\" data-ovid=\"ovid-latest-posts-116\">\n<div  class=\"\">\n<div  class=\"blog-textrow\">\n<div  class=\"blog-textcol dynamic-color\" data-type=\"column\">\n<h2  class=\"\"><span  style=\"color: #0e0d0e;\">Actualit\u00e9s club<\/span><\/h2>\n<\/div>\n<\/div>\n<div  class=\"blog-postsrow dark-text\" data-type=\"row\" data-dynamic-columns=\"one_page_express_latest_news_columns\" data-content-shortcode=\"one_page_express_latest_news\">\t\t\t<div id=\"post-5145\" class=\"blog-postcol cp3cols\">\n\t\t\t<div class=\"post-content\">\n\t\t\t\t\t\t\t\t\t<a class=\"post-list-item-thumb\" href=\"https:\/\/www.strasbourgeauxvives.org\/site\/index.php\/2026\/04\/03\/week-end-nettoyage-de-riviere\/\">\n\t\t\t\t\t\t<img loading=\"lazy\" decoding=\"async\" width=\"474\" height=\"355\" src=\"https:\/\/www.strasbourgeauxvives.org\/site\/wp-content\/uploads\/2026\/04\/image-2.png\" class=\"attachment-post-thumbnail size-post-thumbnail wp-post-image\" alt=\"\" srcset=\"https:\/\/www.strasbourgeauxvives.org\/site\/wp-content\/uploads\/2026\/04\/image-2.png 474w, https:\/\/www.strasbourgeauxvives.org\/site\/wp-content\/uploads\/2026\/04\/image-2-300x225.png 300w\" sizes=\"(max-width: 474px) 100vw, 474px\" \/>\t\t\t\t\t<\/a>\n\t\t\t\t\t\t\t\t<div class=\"row_345\">\n\t\t\t\t\t<h3 class=\"blog-title\">\n\t\t\t\t\t\t<a href=\"https:\/\/www.strasbourgeauxvives.org\/site\/index.php\/2026\/04\/03\/week-end-nettoyage-de-riviere\/\" rel=\"bookmark\">\n\t\t\t\t\t\t\tWeek-end nettoyage de rivi\u00e8re\t\t\t\t\t\t<\/a>\n\t\t\t\t\t<\/h3>\n\t\t\t\t\t<p>Les temp\u00e9ratures presque hivernales de ce premier week-end de printemps n\u2019ont pas d\u00e9courag\u00e9, loin de l\u00e0, les kayakistes qui se sont retrouv\u00e9s pour participer au traditionnel nettoyage de rivi\u00e8re. Le\u00a0samedi\u00a028[&hellip;]<\/p>\n\t\t\t\t\t<a class=\"button blue small\" href=\"https:\/\/www.strasbourgeauxvives.org\/site\/index.php\/2026\/04\/03\/week-end-nettoyage-de-riviere\/\">\n\t\t\t\t\t\t<span data-theme=\"one_page_express_latest_news_read_more\">lire l&rsquo;article<\/span>\n\t\t\t\t\t<\/a>\n\t\t\t\t\t<hr class=\"blog-separator\">\n<div class=\"post-header\">\n    <i class=\"font-icon-post fa fa-user\"><\/i>\n    <a href=\"https:\/\/www.strasbourgeauxvives.org\/site\/index.php\/author\/maxime\/\" title=\"Articles par Strasbourg Eaux-Vives\" rel=\"author\">Strasbourg Eaux-Vives<\/a>    <i class=\"font-icon-post fa fa-calendar\"><\/i>\n    <span class=\"span12\">3 avril 2026<\/span>\n\n    <i class=\"font-icon-post fa fa-comment-o\"><\/i>\n    <span>0<\/span>\n<\/div>\t\t\t\t<\/div>\n\t\t\t<\/div>\n\t\t<\/div>\n\t\t\t\t<div id=\"post-5135\" class=\"blog-postcol cp3cols\">\n\t\t\t<div class=\"post-content\">\n\t\t\t\t\t\t\t\t\t<a class=\"post-list-item-thumb\" href=\"https:\/\/www.strasbourgeauxvives.org\/site\/index.php\/2026\/03\/29\/magnifique-descente-du-rhin-tortu\/\">\n\t\t\t\t\t\t<img loading=\"lazy\" decoding=\"async\" width=\"459\" height=\"344\" src=\"https:\/\/www.strasbourgeauxvives.org\/site\/wp-content\/uploads\/2026\/03\/image-4.png\" class=\"attachment-post-thumbnail size-post-thumbnail wp-post-image\" alt=\"\" srcset=\"https:\/\/www.strasbourgeauxvives.org\/site\/wp-content\/uploads\/2026\/03\/image-4.png 459w, https:\/\/www.strasbourgeauxvives.org\/site\/wp-content\/uploads\/2026\/03\/image-4-300x225.png 300w\" sizes=\"(max-width: 459px) 100vw, 459px\" \/>\t\t\t\t\t<\/a>\n\t\t\t\t\t\t\t\t<div class=\"row_345\">\n\t\t\t\t\t<h3 class=\"blog-title\">\n\t\t\t\t\t\t<a href=\"https:\/\/www.strasbourgeauxvives.org\/site\/index.php\/2026\/03\/29\/magnifique-descente-du-rhin-tortu\/\" rel=\"bookmark\">\n\t\t\t\t\t\t\tMagnifique descente du Rhin Tortu\t\t\t\t\t\t<\/a>\n\t\t\t\t\t<\/h3>\n\t\t\t\t\t<p>Dimanche 15 mars 2026, 13 kayakistes du groupe Adultes Loisir sont au rendez-vous pour participer, sous l&rsquo;\u0153il attentif de Rapha\u00ebl Canevet, \u00e0 la descente du Rhin Tortu. Tortu pour tortueux,[&hellip;]<\/p>\n\t\t\t\t\t<a class=\"button blue small\" href=\"https:\/\/www.strasbourgeauxvives.org\/site\/index.php\/2026\/03\/29\/magnifique-descente-du-rhin-tortu\/\">\n\t\t\t\t\t\t<span data-theme=\"one_page_express_latest_news_read_more\">lire l&rsquo;article<\/span>\n\t\t\t\t\t<\/a>\n\t\t\t\t\t<hr class=\"blog-separator\">\n<div class=\"post-header\">\n    <i class=\"font-icon-post fa fa-user\"><\/i>\n    <a href=\"https:\/\/www.strasbourgeauxvives.org\/site\/index.php\/author\/maxime\/\" title=\"Articles par Strasbourg Eaux-Vives\" rel=\"author\">Strasbourg Eaux-Vives<\/a>    <i class=\"font-icon-post fa fa-calendar\"><\/i>\n    <span class=\"span12\">29 mars 2026<\/span>\n\n    <i class=\"font-icon-post fa fa-comment-o\"><\/i>\n    <span>0<\/span>\n<\/div>\t\t\t\t<\/div>\n\t\t\t<\/div>\n\t\t<\/div>\n\t\t\t\t<div id=\"post-5127\" class=\"blog-postcol cp3cols\">\n\t\t\t<div class=\"post-content\">\n\t\t\t\t\t\t\t\t\t<a class=\"post-list-item-thumb\" href=\"https:\/\/www.strasbourgeauxvives.org\/site\/index.php\/2026\/03\/26\/stage-de-preparation-hivernale\/\">\n\t\t\t\t\t\t<img loading=\"lazy\" decoding=\"async\" width=\"782\" height=\"587\" src=\"https:\/\/www.strasbourgeauxvives.org\/site\/wp-content\/uploads\/2026\/03\/image-1.png\" class=\"attachment-post-thumbnail size-post-thumbnail wp-post-image\" alt=\"\" srcset=\"https:\/\/www.strasbourgeauxvives.org\/site\/wp-content\/uploads\/2026\/03\/image-1.png 782w, https:\/\/www.strasbourgeauxvives.org\/site\/wp-content\/uploads\/2026\/03\/image-1-300x225.png 300w, https:\/\/www.strasbourgeauxvives.org\/site\/wp-content\/uploads\/2026\/03\/image-1-768x576.png 768w\" sizes=\"(max-width: 782px) 100vw, 782px\" \/>\t\t\t\t\t<\/a>\n\t\t\t\t\t\t\t\t<div class=\"row_345\">\n\t\t\t\t\t<h3 class=\"blog-title\">\n\t\t\t\t\t\t<a href=\"https:\/\/www.strasbourgeauxvives.org\/site\/index.php\/2026\/03\/26\/stage-de-preparation-hivernale\/\" rel=\"bookmark\">\n\t\t\t\t\t\t\tStage de pr\u00e9paration hivernale\t\t\t\t\t\t<\/a>\n\t\t\t\t\t<\/h3>\n\t\t\t\t\t<p>Malgr\u00e9, l\u2019annulation du d\u00e9placement \u00e0 Temple Sur Lot en raison des crues dans le Lot et Garonne, le club et le p\u00f4le espoir de Nancy ont pu se retrouver pour[&hellip;]<\/p>\n\t\t\t\t\t<a class=\"button blue small\" href=\"https:\/\/www.strasbourgeauxvives.org\/site\/index.php\/2026\/03\/26\/stage-de-preparation-hivernale\/\">\n\t\t\t\t\t\t<span data-theme=\"one_page_express_latest_news_read_more\">lire l&rsquo;article<\/span>\n\t\t\t\t\t<\/a>\n\t\t\t\t\t<hr class=\"blog-separator\">\n<div class=\"post-header\">\n    <i class=\"font-icon-post fa fa-user\"><\/i>\n    <a href=\"https:\/\/www.strasbourgeauxvives.org\/site\/index.php\/author\/websev\/\" title=\"Articles par Marc Amir-Tahmasseb\" rel=\"author\">Marc Amir-Tahmasseb<\/a>    <i class=\"font-icon-post fa fa-calendar\"><\/i>\n    <span class=\"span12\">26 mars 2026<\/span>\n\n    <i class=\"font-icon-post fa fa-comment-o\"><\/i>\n    <span>0<\/span>\n<\/div>\t\t\t\t<\/div>\n\t\t\t<\/div>\n\t\t<\/div>\n\t\t\t\t<div id=\"post-5108\" class=\"blog-postcol cp3cols\">\n\t\t\t<div class=\"post-content\">\n\t\t\t\t\t\t\t\t\t<a class=\"post-list-item-thumb\" href=\"https:\/\/www.strasbourgeauxvives.org\/site\/index.php\/2026\/03\/08\/regate-internationale-de-boulogne-sur-mer\/\">\n\t\t\t\t\t\t<img loading=\"lazy\" decoding=\"async\" width=\"1024\" height=\"248\" src=\"https:\/\/www.strasbourgeauxvives.org\/site\/wp-content\/uploads\/2026\/03\/image-1024x248.png\" class=\"attachment-post-thumbnail size-post-thumbnail wp-post-image\" alt=\"\" srcset=\"https:\/\/www.strasbourgeauxvives.org\/site\/wp-content\/uploads\/2026\/03\/image-1024x248.png 1024w, https:\/\/www.strasbourgeauxvives.org\/site\/wp-content\/uploads\/2026\/03\/image-300x73.png 300w, https:\/\/www.strasbourgeauxvives.org\/site\/wp-content\/uploads\/2026\/03\/image-768x186.png 768w, https:\/\/www.strasbourgeauxvives.org\/site\/wp-content\/uploads\/2026\/03\/image-1536x372.png 1536w, https:\/\/www.strasbourgeauxvives.org\/site\/wp-content\/uploads\/2026\/03\/image.png 1666w\" sizes=\"(max-width: 1024px) 100vw, 1024px\" \/>\t\t\t\t\t<\/a>\n\t\t\t\t\t\t\t\t<div class=\"row_345\">\n\t\t\t\t\t<h3 class=\"blog-title\">\n\t\t\t\t\t\t<a href=\"https:\/\/www.strasbourgeauxvives.org\/site\/index.php\/2026\/03\/08\/regate-internationale-de-boulogne-sur-mer\/\" rel=\"bookmark\">\n\t\t\t\t\t\t\tR\u00e9gate Internationale de Boulogne sur Mer\t\t\t\t\t\t<\/a>\n\t\t\t\t\t<\/h3>\n\t\t\t\t\t<p>10 Strasbourgeois ont pris part \u00e0 l&rsquo;\u00e9dition 2026 de la R\u00e9gate Internationale de Boulogne sur mer. A l&rsquo;arriv\u00e9e 3 m\u00e9dailles de Bronze pour Clara Marbot, \u00c9l\u00e9onore Niloufar Amir-Tahmasseb et Dorian[&hellip;]<\/p>\n\t\t\t\t\t<a class=\"button blue small\" href=\"https:\/\/www.strasbourgeauxvives.org\/site\/index.php\/2026\/03\/08\/regate-internationale-de-boulogne-sur-mer\/\">\n\t\t\t\t\t\t<span data-theme=\"one_page_express_latest_news_read_more\">lire l&rsquo;article<\/span>\n\t\t\t\t\t<\/a>\n\t\t\t\t\t<hr class=\"blog-separator\">\n<div class=\"post-header\">\n    <i class=\"font-icon-post fa fa-user\"><\/i>\n    <a href=\"https:\/\/www.strasbourgeauxvives.org\/site\/index.php\/author\/websev\/\" title=\"Articles par Marc Amir-Tahmasseb\" rel=\"author\">Marc Amir-Tahmasseb<\/a>    <i class=\"font-icon-post fa fa-calendar\"><\/i>\n    <span class=\"span12\">8 mars 2026<\/span>\n\n    <i class=\"font-icon-post fa fa-comment-o\"><\/i>\n    <span>0<\/span>\n<\/div>\t\t\t\t<\/div>\n\t\t\t<\/div>\n\t\t<\/div>\n\t\t<\/div>\n<div  class=\"blog-textcol\"><a  class=\"button color1\" href=\"https:\/\/www.strasbourgeauxvives.org\/site\/index.php\/blog\/\" target=\"_self\" rel=\"noopener\" data-attr-shortcode=\"href:one_page_express_blog_link\" data-icon=\"\">Toutes nos actualit\u00e9s<\/a><\/div>\n<\/div>\n<\/div><div  id=\"clients-2\" class=\"clients-strip-section content-relative\" style=\"background-color: #ffffff; background-image: none;\" data-label=\"Clients\" data-id=\"clients-strip-section\" data-category=\"clients\" data-ovid=\"ovid-clients-2-116\">\n<div  class=\"row_187\" data-type=\"row\" data-add-content=\"false\">\n<div  class=\"clients-strip-itemcol cp2cols\">\n<div  class=\"middle_align1\"><a  class=\"\" href=\"https:\/\/www.grandest.fr\" target=\"_blank\" rel=\"noopener\"><img  decoding=\"async\" class=\"clients-strip-itemimg lazy loaded entered\" src=\"https:\/\/strasbourgeauxvives.org\/site\/wp-content\/uploads\/2020\/06\/Grand-est.jpg\" data-src=\"https:\/\/strasbourgeauxvives.org\/site\/wp-content\/uploads\/2020\/06\/Grand-est.jpg\" data-was-processed=\"true\" data-ll-status=\"loaded\"><\/a><\/div>\n<\/div>\n<div  class=\"clients-strip-itemcol cp2cols\">\n<div  class=\"middle_align1\"><a  class=\"\" href=\"https:\/\/www.strasbourg.eu\" target=\"_blank\" rel=\"noopener\"><img  decoding=\"async\" class=\"clients-strip-itemimg lazy loaded entered\" src=\"https:\/\/strasbourgeauxvives.org\/site\/wp-content\/uploads\/2020\/06\/eurom%C3%A9tropole.png\" data-src=\"https:\/\/strasbourgeauxvives.org\/site\/wp-content\/uploads\/2020\/06\/eurom%C3%A9tropole.png\" data-was-processed=\"true\" data-ll-status=\"loaded\"><\/a><\/div>\n<\/div>\n<div  class=\"clients-strip-itemcol cp2cols\">\n<div  class=\"middle_align1\"><a  class=\"\" href=\"https:\/\/www.alsace.eu\" target=\"_blank\" rel=\"noopener\"><img  decoding=\"async\" class=\"clients-strip-itemimg lazy loaded entered\" src=\"https:\/\/strasbourgeauxvives.org\/site\/wp-content\/uploads\/2021\/07\/1024px-Logo_Collectivit\u00e9_europ\u00e9enne_Alsace_-_2021.png\" data-src=\"https:\/\/strasbourgeauxvives.org\/site\/wp-content\/uploads\/2021\/07\/1024px-Logo_Collectivit\u00e9_europ\u00e9enne_Alsace_-_2021.png\" data-was-processed=\"true\" data-ll-status=\"loaded\"><\/a><\/div>\n<\/div>\n<div  class=\"clients-strip-itemcol cp2cols\">\n<div  class=\"middle_align1\"><a  class=\"\" href=\"https:\/\/www.agencedusport.fr\" target=\"_blank\" rel=\"noopener\"><img  decoding=\"async\" class=\"clients-strip-itemimg lazy loaded entered\" src=\"https:\/\/strasbourgeauxvives.org\/site\/wp-content\/uploads\/2021\/07\/ANS.png\" data-src=\"https:\/\/strasbourgeauxvives.org\/site\/wp-content\/uploads\/2021\/07\/ANS.png\" data-was-processed=\"true\" data-ll-status=\"loaded\"><\/a><\/div>\n<\/div>\n<div  class=\"clients-strip-itemcol cp2cols\">\n<div  class=\"middle_align1\"><a  class=\"\" href=\"https:\/\/www.sport-sante.fr\" target=\"_blank\" rel=\"noopener\"><img  decoding=\"async\" class=\"clients-strip-itemimg lazy loaded entered\" src=\"https:\/\/strasbourgeauxvives.org\/site\/wp-content\/uploads\/2019\/09\/logo-sport-sant\u00e9.png\" data-src=\"https:\/\/strasbourgeauxvives.org\/site\/wp-content\/uploads\/2019\/09\/logo-sport-sant\u00e9.png\" data-was-processed=\"true\" data-ll-status=\"loaded\"><\/a><\/div>\n<\/div>\n<\/div>\n<\/div><div  id=\"content-4\" class=\"content-right-image-section content-image-right\" style=\"background-color: rgb(255, 255, 255); background-image: none;\" data-label=\"Content\" data-id=\"content-image-right\" data-category=\"content\" data-ovid=\"ovid-content-4-129\">\n<div  class=\"gridContainer\">\n<div  class=\"content-right-image-gridcol\">\n<div  class=\"content-right-image-textcol dynamic-color\" data-type=\"column\">\n<h2  class=\"\"><span  style=\"color: #03a9f4;\">Pr\u00e9sentation du club<\/span><\/h2>\n<p  class=\"large_text\">Strasbourg Eaux-Vives (SEV) est une association sportive affili\u00e9e \u00e0 la F\u00e9d\u00e9ration Fran\u00e7aise de Cano\u00eb-Kayak et Sport de Pagaie, membre de l\u2019\u00e9cole fran\u00e7aise de cano\u00eb-kayak. Nous comptons 300 membres actifs, et pas moins d\u2019une centaine de scolaires par semaine qui passent d\u00e9couvrir notre activit\u00e9 d\u2019avril \u00e0 juin !<\/p>\n<a  class=\"button color1\" href=\"https:\/\/www.strasbourgeauxvives.org\/site\/index.php\/presentation-du-club\" target=\"_self\" rel=\"noopener\" data-icon=\"\"> En savoir plus <\/a>\n\n<\/div>\n<div  class=\"content-right-image-imgcol\" data-type=\"column\"><img  decoding=\"async\" class=\"lazy loaded entered\" src=\"https:\/\/www.strasbourgeauxvives.org\/site\/wp-content\/uploads\/2020\/06\/Photo-base-compress\u00e9.jpg\" alt=\"\" data-src=\"https:\/\/www.strasbourgeauxvives.org\/site\/wp-content\/uploads\/2020\/06\/Photo-base-compress\u00e9.jpg\" data-was-processed=\"true\" data-ll-status=\"loaded\"><\/div>\n<\/div>\n<\/div>\n<\/div>","protected":false},"excerpt":{"rendered":"<p>Stages d\u2019\u00e9t\u00e9 2026 Stage de cano\u00eb-kayak en juillet et ao\u00fbt du lundi au vendredi pour les jeunes de 8 \u00e0 17 ans. Plus d\u2019informations \u2013 r\u00e9servation en ligne Randonn\u00e9es nautiques 2026 D\u00e9couvrez nos disponibilit\u00e9s et notre parcours du tour de l\u2019aar Plus d\u2019informations \u2013 r\u00e9servation en ligne Sport pour tous Strasbourg Eaux-Vives ouvre en septembre&hellip; <br \/> <a class=\"button small blue\" href=\"https:\/\/www.strasbourgeauxvives.org\/site\/index.php\/2026\/03\/08\/regate-internationale-de-boulogne-sur-mer\/\">Lire la suite<\/a><\/p>\n","protected":false},"author":2,"featured_media":0,"parent":0,"menu_order":0,"comment_status":"closed","ping_status":"closed","template":"","meta":{"saved_in_kubio":false,"footnotes":""},"class_list":["post-1295","page","type-page","status-publish","hentry"],"kubio_ai_page_context":{"short_desc":"","purpose":"general"},"jetpack_sharing_enabled":true,"_links":{"self":[{"href":"https:\/\/www.strasbourgeauxvives.org\/site\/index.php\/wp-json\/wp\/v2\/pages\/1295","targetHints":{"allow":["GET"]}}],"collection":[{"href":"https:\/\/www.strasbourgeauxvives.org\/site\/index.php\/wp-json\/wp\/v2\/pages"}],"about":[{"href":"https:\/\/www.strasbourgeauxvives.org\/site\/index.php\/wp-json\/wp\/v2\/types\/page"}],"author":[{"embeddable":true,"href":"https:\/\/www.strasbourgeauxvives.org\/site\/index.php\/wp-json\/wp\/v2\/users\/2"}],"replies":[{"embeddable":true,"href":"https:\/\/www.strasbourgeauxvives.org\/site\/index.php\/wp-json\/wp\/v2\/comments?post=1295"}],"version-history":[{"count":189,"href":"https:\/\/www.strasbourgeauxvives.org\/site\/index.php\/wp-json\/wp\/v2\/pages\/1295\/revisions"}],"predecessor-version":[{"id":5154,"href":"https:\/\/www.strasbourgeauxvives.org\/site\/index.php\/wp-json\/wp\/v2\/pages\/1295\/revisions\/5154"}],"wp:attachment":[{"href":"https:\/\/www.strasbourgeauxvives.org\/site\/index.php\/wp-json\/wp\/v2\/media?parent=1295"}],"curies":[{"name":"wp","href":"https:\/\/api.w.org\/{rel}","templated":true}]}}