{"id":1942,"date":"2019-04-13T21:01:09","date_gmt":"2019-04-13T19:01:09","guid":{"rendered":"http:\/\/strasbourgeauxvives.org\/site\/?page_id=1942"},"modified":"2026-02-15T17:37:52","modified_gmt":"2026-02-15T16:37:52","slug":"de-strassburg-aar-tour","status":"publish","type":"page","link":"https:\/\/www.strasbourgeauxvives.org\/site\/index.php\/de-strassburg-aar-tour\/","title":{"rendered":"Strassburg, Aar-Tour"},"content":{"rendered":"<p><span lang=\"DE\">\u00a0<a href=\"http:\/\/strasbourgeauxvives.org\/site\/index.php\/strasbourg-tour-de-laar\/\"><img loading=\"lazy\" decoding=\"async\" class=\"alignnone wp-image-1886\" src=\"http:\/\/strasbourgeauxvives.org\/site\/wp-content\/uploads\/2019\/04\/fr.png\" alt=\"\" width=\"44\" height=\"29\" srcset=\"https:\/\/www.strasbourgeauxvives.org\/site\/wp-content\/uploads\/2019\/04\/fr.png 1160w, https:\/\/www.strasbourgeauxvives.org\/site\/wp-content\/uploads\/2019\/04\/fr-300x200.png 300w, https:\/\/www.strasbourgeauxvives.org\/site\/wp-content\/uploads\/2019\/04\/fr-768x512.png 768w, https:\/\/www.strasbourgeauxvives.org\/site\/wp-content\/uploads\/2019\/04\/fr-1024x682.png 1024w\" sizes=\"auto, (max-width: 44px) 100vw, 44px\" \/><\/a>\u00a0<a href=\"http:\/\/strasbourgeauxvives.org\/site\/index.php\/strasbourg-circular-tour-of-the-river-aar\/\"><img loading=\"lazy\" decoding=\"async\" class=\"alignnone wp-image-1887\" src=\"http:\/\/strasbourgeauxvives.org\/site\/wp-content\/uploads\/2019\/04\/gb.png\" alt=\"\" width=\"54\" height=\"27\" srcset=\"https:\/\/www.strasbourgeauxvives.org\/site\/wp-content\/uploads\/2019\/04\/gb.png 1160w, https:\/\/www.strasbourgeauxvives.org\/site\/wp-content\/uploads\/2019\/04\/gb-300x150.png 300w, https:\/\/www.strasbourgeauxvives.org\/site\/wp-content\/uploads\/2019\/04\/gb-768x384.png 768w, https:\/\/www.strasbourgeauxvives.org\/site\/wp-content\/uploads\/2019\/04\/gb-1024x512.png 1024w\" sizes=\"auto, (max-width: 54px) 100vw, 54px\" \/><\/a>\u00a0<a href=\"http:\/\/strasbourgeauxvives.org\/site\/index.php\/de-strassburg-aar-tour\/\"><img loading=\"lazy\" decoding=\"async\" class=\"alignnone wp-image-1885\" src=\"http:\/\/strasbourgeauxvives.org\/site\/wp-content\/uploads\/2019\/04\/de.png\" alt=\"\" width=\"48\" height=\"29\" srcset=\"https:\/\/www.strasbourgeauxvives.org\/site\/wp-content\/uploads\/2019\/04\/de.png 1160w, https:\/\/www.strasbourgeauxvives.org\/site\/wp-content\/uploads\/2019\/04\/de-300x180.png 300w, https:\/\/www.strasbourgeauxvives.org\/site\/wp-content\/uploads\/2019\/04\/de-768x461.png 768w, https:\/\/www.strasbourgeauxvives.org\/site\/wp-content\/uploads\/2019\/04\/de-1024x614.png 1024w\" sizes=\"auto, (max-width: 48px) 100vw, 48px\" \/><\/a><\/span><\/p>\n<p style=\"text-align: left;\"><strong><span lang=\"DE\">Paddelzeit : Ungef\u00e4hr 2.5 Stunden (7km) \u2013 Schwierigkeitsgrad : Mittel &#8211; Mindestens 8 Jahre. Reservierungen f\u00fcr Minderj\u00e4hrige verboten\u00a0&#8211; <a href=\"http:\/\/strasbourgeauxvives.org\/site\/wp-content\/uploads\/2019\/04\/Strasbourg-Aar-compress\u00e9.pdf\" target=\"_blank\" rel=\"noopener\">Der Streckenverlauf<\/a><\/span><\/strong><\/p>\n<p><span lang=\"DE\">Paddeln Sie durch die ruhige und gr\u00fcne Natur, und begegnen Sie Nutrias, Eisv\u00f6geln, Reihern, Kormoranen, Schw\u00e4nen, Bl\u00e4ssh\u00fchnern, Teichh\u00fchnern und anderen Tieren\u2026 Sie fahren am alten Waschplatz der Aar vorbei, an der Siedlung <\/span><span lang=\"DE\">Ungemach (1920) und am Contades-Park. Ab der Paulskirche geht es flussabw\u00e4rts auf der Ill zu den europ\u00e4ischen Institutionen.<\/span><\/p>\n<p><strong>Die Boote :\u00a0<\/strong><\/p>\n<p><img loading=\"lazy\" decoding=\"async\" class=\"alignnone size-large wp-image-4783\" src=\"https:\/\/www.strasbourgeauxvives.org\/site\/wp-content\/uploads\/2024\/07\/embarcation-anglais-1024x198.png\" alt=\"\" width=\"1024\" height=\"198\" srcset=\"https:\/\/www.strasbourgeauxvives.org\/site\/wp-content\/uploads\/2024\/07\/embarcation-anglais-1024x198.png 1024w, https:\/\/www.strasbourgeauxvives.org\/site\/wp-content\/uploads\/2024\/07\/embarcation-anglais-300x58.png 300w, https:\/\/www.strasbourgeauxvives.org\/site\/wp-content\/uploads\/2024\/07\/embarcation-anglais-768x149.png 768w, https:\/\/www.strasbourgeauxvives.org\/site\/wp-content\/uploads\/2024\/07\/embarcation-anglais-1536x298.png 1536w, https:\/\/www.strasbourgeauxvives.org\/site\/wp-content\/uploads\/2024\/07\/embarcation-anglais.png 1920w\" sizes=\"auto, (max-width: 1024px) 100vw, 1024px\" \/><\/p>\n<p><strong>Tarife und Bezahlm\u00f6glichkeiten :\u00a0<\/strong><\/p>\n<ul>\n<li style=\"text-align: left;\"><span lang=\"DE\">25\u20ac\/Person &#8211; Autonom.<\/span><\/li>\n<li style=\"text-align: left;\">Bezahlm\u00f6glichkeiten : Kreditkarte via Weezevent, ANCV-Schecks, \u201eCoupon sport\u201c.<\/li>\n<\/ul>\n<p><strong>Treffen und Empfang:<\/strong><\/p>\n<ul>\n<li><strong>Montag bis Freitag <span class=\"HwtZe\" lang=\"de\"><span class=\"jCAhz ChMk0b\"><span class=\"ryNqvb\">(im Juli und August)<\/span><\/span><\/span>:<\/strong>\n<ul>\n<li>Nachmittags: Empfang ab 13.00 Uhr bis 13:15 Uhr<\/li>\n<\/ul>\n<\/li>\n<li><strong>Samstag:<\/strong>\n<ul>\n<li>Nachmittags: Empfang ab 13.30 Uhr bis 14:00 Uhr<\/li>\n<\/ul>\n<\/li>\n<li><strong>Sonntag:<\/strong>\n<ul>\n<li>Vormittags: Empfang von 9:15 bis 10:00 Uhr<\/li>\n<li>Nachmittags: Empfang ab 13.30 Uhr bis 14:00 Uhr<\/li>\n<\/ul>\n<\/li>\n<\/ul>\n<p><a class=\"weezevent-widget-integration\" title=\"Logiciel billetterie en ligne\" href=\"https:\/\/weezevent.com\/?c=sys_widget\" target=\"_blank\" rel=\"noopener\" data-src=\"https:\/\/widget.weezevent.com\/ticket\/E1743501\/?code=69622&amp;locale=fr-FR&amp;width_auto=1&amp;color_primary=649e47\" data-width=\"650\" data-height=\"600\" data-id=\"1743501\" data-resize=\"1\" data-width_auto=\"1\" data-noscroll=\"0\" data-use-container=\"yes\" data-type=\"neo\">Billetterie Weezevent<\/a> <script type=\"text\/javascript\" src=\"https:\/\/widget.weezevent.com\/weez.js\"><\/script><\/p>\n","protected":false},"excerpt":{"rendered":"<p>\u00a0\u00a0\u00a0 Paddelzeit : Ungef\u00e4hr 2.5 Stunden (7km) \u2013 Schwierigkeitsgrad : Mittel &#8211; Mindestens 8 Jahre. Reservierungen f\u00fcr Minderj\u00e4hrige verboten\u00a0&#8211; Der Streckenverlauf Paddeln Sie durch die ruhige und gr\u00fcne Natur, und begegnen Sie Nutrias, Eisv\u00f6geln, Reihern, Kormoranen, Schw\u00e4nen, Bl\u00e4ssh\u00fchnern, Teichh\u00fchnern und anderen Tieren\u2026 Sie fahren am alten Waschplatz der Aar vorbei, an der Siedlung Ungemach (1920)&hellip; <br \/> <a class=\"button small blue\" href=\"https:\/\/www.strasbourgeauxvives.org\/site\/index.php\/de-strassburg-aar-tour\/\">Lire la suite<\/a><\/p>\n","protected":false},"author":2,"featured_media":0,"parent":0,"menu_order":0,"comment_status":"closed","ping_status":"closed","template":"","meta":{"footnotes":""},"class_list":["post-1942","page","type-page","status-publish","hentry"],"jetpack_sharing_enabled":true,"_links":{"self":[{"href":"https:\/\/www.strasbourgeauxvives.org\/site\/index.php\/wp-json\/wp\/v2\/pages\/1942","targetHints":{"allow":["GET"]}}],"collection":[{"href":"https:\/\/www.strasbourgeauxvives.org\/site\/index.php\/wp-json\/wp\/v2\/pages"}],"about":[{"href":"https:\/\/www.strasbourgeauxvives.org\/site\/index.php\/wp-json\/wp\/v2\/types\/page"}],"author":[{"embeddable":true,"href":"https:\/\/www.strasbourgeauxvives.org\/site\/index.php\/wp-json\/wp\/v2\/users\/2"}],"replies":[{"embeddable":true,"href":"https:\/\/www.strasbourgeauxvives.org\/site\/index.php\/wp-json\/wp\/v2\/comments?post=1942"}],"version-history":[{"count":23,"href":"https:\/\/www.strasbourgeauxvives.org\/site\/index.php\/wp-json\/wp\/v2\/pages\/1942\/revisions"}],"predecessor-version":[{"id":5092,"href":"https:\/\/www.strasbourgeauxvives.org\/site\/index.php\/wp-json\/wp\/v2\/pages\/1942\/revisions\/5092"}],"wp:attachment":[{"href":"https:\/\/www.strasbourgeauxvives.org\/site\/index.php\/wp-json\/wp\/v2\/media?parent=1942"}],"curies":[{"name":"wp","href":"https:\/\/api.w.org\/{rel}","templated":true}]}}