{"id":1968,"date":"2019-04-13T21:30:22","date_gmt":"2019-04-13T19:30:22","guid":{"rendered":"http:\/\/strasbourgeauxvives.org\/site\/?page_id=1968"},"modified":"2020-05-02T09:46:48","modified_gmt":"2020-05-02T07:46:48","slug":"de-krummer-rhein","status":"publish","type":"page","link":"https:\/\/www.strasbourgeauxvives.org\/site\/index.php\/de-krummer-rhein\/","title":{"rendered":"Krummer Rhein"},"content":{"rendered":"<p><span lang=\"DE\"><a href=\"http:\/\/strasbourgeauxvives.org\/site\/index.php\/le-rhin-tortu-krimmeri\/\"><img loading=\"lazy\" decoding=\"async\" class=\"alignnone wp-image-1886\" src=\"http:\/\/strasbourgeauxvives.org\/site\/wp-content\/uploads\/2019\/04\/fr.png\" alt=\"\" width=\"44\" height=\"29\" srcset=\"https:\/\/www.strasbourgeauxvives.org\/site\/wp-content\/uploads\/2019\/04\/fr.png 1160w, https:\/\/www.strasbourgeauxvives.org\/site\/wp-content\/uploads\/2019\/04\/fr-300x200.png 300w, https:\/\/www.strasbourgeauxvives.org\/site\/wp-content\/uploads\/2019\/04\/fr-768x512.png 768w, https:\/\/www.strasbourgeauxvives.org\/site\/wp-content\/uploads\/2019\/04\/fr-1024x682.png 1024w\" sizes=\"auto, (max-width: 44px) 100vw, 44px\" \/><\/a>\u00a0<a href=\"http:\/\/strasbourgeauxvives.org\/site\/index.php\/en-tour-of-the-rhin-tortue\/\"><img loading=\"lazy\" decoding=\"async\" class=\"alignnone wp-image-1887\" src=\"http:\/\/strasbourgeauxvives.org\/site\/wp-content\/uploads\/2019\/04\/gb.png\" alt=\"\" width=\"54\" height=\"27\" srcset=\"https:\/\/www.strasbourgeauxvives.org\/site\/wp-content\/uploads\/2019\/04\/gb.png 1160w, https:\/\/www.strasbourgeauxvives.org\/site\/wp-content\/uploads\/2019\/04\/gb-300x150.png 300w, https:\/\/www.strasbourgeauxvives.org\/site\/wp-content\/uploads\/2019\/04\/gb-768x384.png 768w, https:\/\/www.strasbourgeauxvives.org\/site\/wp-content\/uploads\/2019\/04\/gb-1024x512.png 1024w\" sizes=\"auto, (max-width: 54px) 100vw, 54px\" \/><\/a>\u00a0<a href=\"http:\/\/strasbourgeauxvives.org\/site\/index.php\/de-krummer-rhein\/\"><img loading=\"lazy\" decoding=\"async\" class=\"alignnone wp-image-1885\" src=\"http:\/\/strasbourgeauxvives.org\/site\/wp-content\/uploads\/2019\/04\/de.png\" alt=\"\" width=\"48\" height=\"29\" srcset=\"https:\/\/www.strasbourgeauxvives.org\/site\/wp-content\/uploads\/2019\/04\/de.png 1160w, https:\/\/www.strasbourgeauxvives.org\/site\/wp-content\/uploads\/2019\/04\/de-300x180.png 300w, https:\/\/www.strasbourgeauxvives.org\/site\/wp-content\/uploads\/2019\/04\/de-768x461.png 768w, https:\/\/www.strasbourgeauxvives.org\/site\/wp-content\/uploads\/2019\/04\/de-1024x614.png 1024w\" sizes=\"auto, (max-width: 48px) 100vw, 48px\" \/><\/a><\/span><\/p>\n<p><span lang=\"DE\">Auf diesem \u201ekrummen\u201c Wasserlauf, der in freier Natur beginnt und seinen nat\u00fcrlichen Charakter bewahrt hat, entdecken Sie die s\u00fcdlichen Stadtteile von Strassburg, <\/span><span lang=\"DE\">die Becker -M\u00fchle und die Schokoladenfabrik \u201eSuchard\u201c, sowie den Schulmeiste-Park und das Meinau-Stadium.<\/span><\/p>\n<p><span lang=\"DE\">Paddelzeit: Ungef\u00e4hr 7 Stunden (20km) \u2013 Schwierigkeitsgrad : mittel<\/span><span lang=\"DE\">\u00a0&#8211; <a href=\"http:\/\/strasbourgeauxvives.org\/site\/wp-content\/uploads\/2018\/11\/Rhin-Tortu.pdf\">Der Streckenverlauf<\/a><\/span><\/p>\n<p>Die Abfahrten finden morgens statt, mit einer Ankunft am Nachmittag.<\/p>\n<p><strong>Die Boote :\u00a0<\/strong><\/p>\n<p><img loading=\"lazy\" decoding=\"async\" class=\"size-full wp-image-2281 aligncenter\" src=\"http:\/\/strasbourgeauxvives.org\/site\/wp-content\/uploads\/2019\/04\/Capture-d\u2019\u00e9cran-2019-04-25-\u00e0-21.03.16.png\" alt=\"\" width=\"1746\" height=\"358\" srcset=\"https:\/\/www.strasbourgeauxvives.org\/site\/wp-content\/uploads\/2019\/04\/Capture-d\u2019\u00e9cran-2019-04-25-\u00e0-21.03.16.png 1746w, https:\/\/www.strasbourgeauxvives.org\/site\/wp-content\/uploads\/2019\/04\/Capture-d\u2019\u00e9cran-2019-04-25-\u00e0-21.03.16-300x62.png 300w, https:\/\/www.strasbourgeauxvives.org\/site\/wp-content\/uploads\/2019\/04\/Capture-d\u2019\u00e9cran-2019-04-25-\u00e0-21.03.16-768x157.png 768w, https:\/\/www.strasbourgeauxvives.org\/site\/wp-content\/uploads\/2019\/04\/Capture-d\u2019\u00e9cran-2019-04-25-\u00e0-21.03.16-1024x210.png 1024w\" sizes=\"auto, (max-width: 1746px) 100vw, 1746px\" \/><\/p>\n<p><strong>Tarife und Bezahlm\u00f6glichkeiten :\u00a0<\/strong><\/p>\n<ul>\n<li style=\"text-align: left;\"><span lang=\"DE\">35\u20ac\/Person (Mindestanzahl 8 Personen) &#8211; Autonom.<\/span><\/li>\n<li style=\"text-align: left;\">45\u20ac\/Person (Mindestanzahl 8 Personen) &#8211; Eine Begleitperson von SEV leitet die Fahrt.<\/li>\n<li style=\"text-align: left;\">25% Anzahlung bei der Reservierung.<\/li>\n<li>Bezahlm\u00f6glichkeiten : Kreditkarte, bar, Scheck, ANCV-Schecks, \u201eCoupon sport\u201c.<\/li>\n<li style=\"text-align: left;\">Sie erhalten 10% Erm\u00e4ssigung mit der Karte \u201eCEZAM\u201c, oder ab 20 Personen.<\/li>\n<\/ul>\n<p>Bitte mitbringen :\u00a0<a href=\"http:\/\/strasbourgeauxvives.org\/site\/wp-content\/uploads\/2019\/03\/Contrat-Location-2019.pdf\" target=\"_blank\" rel=\"noopener\">Reservierungsvertrag &amp; Versicherung<\/a>\u00a0\/\u00a0<a href=\"http:\/\/strasbourgeauxvives.org\/site\/wp-content\/uploads\/2019\/03\/Contrat-r\u00e9servation.pdf\" target=\"_blank\" rel=\"noopener\">Buchungsvertrag<\/a><\/p>\n<p><strong><em>Die Zahlung erfolgt erst nach R\u00fccksprache mit Strasbourg Eaux-Vives.\u00a0Wir nennen Ihnen den zu zahlenden Preis, den Sie dann online eigeben k\u00f6nnen.<\/em><\/strong><\/p>\n<p><iframe id=\"haWidget\" style=\"width: 100%; height: 750px; border: none;\" src=\"https:\/\/www.helloasso.com\/associations\/strasbourg-eaux-vives\/evenements\/randonees-nautiques\/widget\" scrolling=\"auto\"><\/iframe><\/p>\n<div style=\"width: 100%; text-align: center;\">Propuls\u00e9 par <a href=\"https:\/\/www.helloasso.com\" rel=\"nofollow\">HelloAsso<\/a><\/div>\n<p>&nbsp;<\/p>\n","protected":false},"excerpt":{"rendered":"<p>\u00a0\u00a0 Auf diesem \u201ekrummen\u201c Wasserlauf, der in freier Natur beginnt und seinen nat\u00fcrlichen Charakter bewahrt hat, entdecken Sie die s\u00fcdlichen Stadtteile von Strassburg, die Becker -M\u00fchle und die Schokoladenfabrik \u201eSuchard\u201c, sowie den Schulmeiste-Park und das Meinau-Stadium. Paddelzeit: Ungef\u00e4hr 7 Stunden (20km) \u2013 Schwierigkeitsgrad : mittel\u00a0&#8211; Der Streckenverlauf Die Abfahrten finden morgens statt, mit einer Ankunft&hellip; <br \/> <a class=\"button small blue\" href=\"https:\/\/www.strasbourgeauxvives.org\/site\/index.php\/de-krummer-rhein\/\">Lire la suite<\/a><\/p>\n","protected":false},"author":2,"featured_media":0,"parent":0,"menu_order":0,"comment_status":"closed","ping_status":"closed","template":"","meta":{"footnotes":""},"class_list":["post-1968","page","type-page","status-publish","hentry"],"jetpack_sharing_enabled":true,"_links":{"self":[{"href":"https:\/\/www.strasbourgeauxvives.org\/site\/index.php\/wp-json\/wp\/v2\/pages\/1968","targetHints":{"allow":["GET"]}}],"collection":[{"href":"https:\/\/www.strasbourgeauxvives.org\/site\/index.php\/wp-json\/wp\/v2\/pages"}],"about":[{"href":"https:\/\/www.strasbourgeauxvives.org\/site\/index.php\/wp-json\/wp\/v2\/types\/page"}],"author":[{"embeddable":true,"href":"https:\/\/www.strasbourgeauxvives.org\/site\/index.php\/wp-json\/wp\/v2\/users\/2"}],"replies":[{"embeddable":true,"href":"https:\/\/www.strasbourgeauxvives.org\/site\/index.php\/wp-json\/wp\/v2\/comments?post=1968"}],"version-history":[{"count":1,"href":"https:\/\/www.strasbourgeauxvives.org\/site\/index.php\/wp-json\/wp\/v2\/pages\/1968\/revisions"}],"predecessor-version":[{"id":3082,"href":"https:\/\/www.strasbourgeauxvives.org\/site\/index.php\/wp-json\/wp\/v2\/pages\/1968\/revisions\/3082"}],"wp:attachment":[{"href":"https:\/\/www.strasbourgeauxvives.org\/site\/index.php\/wp-json\/wp\/v2\/media?parent=1968"}],"curies":[{"name":"wp","href":"https:\/\/api.w.org\/{rel}","templated":true}]}}