{"id":2067,"date":"2019-04-14T10:07:45","date_gmt":"2019-04-14T08:07:45","guid":{"rendered":"http:\/\/strasbourgeauxvives.org\/site\/?page_id=2067"},"modified":"2022-02-01T20:18:27","modified_gmt":"2022-02-01T19:18:27","slug":"de-sommerfreizeit-fur-kinder-und-jugendliche","status":"publish","type":"page","link":"https:\/\/www.strasbourgeauxvives.org\/site\/index.php\/de-sommerfreizeit-fur-kinder-und-jugendliche\/","title":{"rendered":"Sommerfreizeit f\u00fcr Kinder und Jugendliche"},"content":{"rendered":"<p style=\"text-align: left;\" align=\"center\"><a href=\"http:\/\/strasbourgeauxvives.org\/site\/index.php\/activites-pour-tous\/stage-ete-jeunes\/\"><img loading=\"lazy\" decoding=\"async\" class=\"alignnone wp-image-1886\" src=\"http:\/\/strasbourgeauxvives.org\/site\/wp-content\/uploads\/2019\/04\/fr.png\" alt=\"\" width=\"44\" height=\"29\" srcset=\"https:\/\/www.strasbourgeauxvives.org\/site\/wp-content\/uploads\/2019\/04\/fr.png 1160w, https:\/\/www.strasbourgeauxvives.org\/site\/wp-content\/uploads\/2019\/04\/fr-300x200.png 300w, https:\/\/www.strasbourgeauxvives.org\/site\/wp-content\/uploads\/2019\/04\/fr-768x512.png 768w, https:\/\/www.strasbourgeauxvives.org\/site\/wp-content\/uploads\/2019\/04\/fr-1024x682.png 1024w\" sizes=\"auto, (max-width: 44px) 100vw, 44px\" \/><\/a>\u00a0<a href=\"http:\/\/strasbourgeauxvives.org\/site\/index.php\/en-summer-courses-for-children\/\"><img loading=\"lazy\" decoding=\"async\" class=\"alignnone wp-image-1887\" src=\"http:\/\/strasbourgeauxvives.org\/site\/wp-content\/uploads\/2019\/04\/gb.png\" alt=\"\" width=\"54\" height=\"27\" srcset=\"https:\/\/www.strasbourgeauxvives.org\/site\/wp-content\/uploads\/2019\/04\/gb.png 1160w, https:\/\/www.strasbourgeauxvives.org\/site\/wp-content\/uploads\/2019\/04\/gb-300x150.png 300w, https:\/\/www.strasbourgeauxvives.org\/site\/wp-content\/uploads\/2019\/04\/gb-768x384.png 768w, https:\/\/www.strasbourgeauxvives.org\/site\/wp-content\/uploads\/2019\/04\/gb-1024x512.png 1024w\" sizes=\"auto, (max-width: 54px) 100vw, 54px\" \/><\/a>\u00a0<a href=\"http:\/\/strasbourgeauxvives.org\/site\/index.php\/de-sommerfreizeit-fur-kinder-und-jugendliche\/\"><img loading=\"lazy\" decoding=\"async\" class=\"alignnone wp-image-1885\" src=\"http:\/\/strasbourgeauxvives.org\/site\/wp-content\/uploads\/2019\/04\/de.png\" alt=\"\" width=\"49\" height=\"29\" srcset=\"https:\/\/www.strasbourgeauxvives.org\/site\/wp-content\/uploads\/2019\/04\/de.png 1160w, https:\/\/www.strasbourgeauxvives.org\/site\/wp-content\/uploads\/2019\/04\/de-300x180.png 300w, https:\/\/www.strasbourgeauxvives.org\/site\/wp-content\/uploads\/2019\/04\/de-768x461.png 768w, https:\/\/www.strasbourgeauxvives.org\/site\/wp-content\/uploads\/2019\/04\/de-1024x614.png 1024w\" sizes=\"auto, (max-width: 49px) 100vw, 49px\" \/><\/a><\/p>\n<p style=\"text-align: left;\"><span lang=\"DE\">F\u00fcr Kinder und Jugendliche von 8 bis 17 Jahren : Entdeckt den Kanusport w\u00e4hrend einer einw\u00f6chigen Ferienfreizeit w\u00e4hrend der Sommerferien.<\/span><\/p>\n<p style=\"text-align: left;\"><span lang=\"DE\">Ein abwechslungsreiches Programm mit Spiel und Spass, ruhigem und fliessendem Wasser, und zum Abschluss eine Fahrt auf dem krummen Rhein oder durch die Stadt Strassburg. <\/span><\/p>\n<p style=\"text-align: left;\" align=\"center\"><strong>Praktische Infos :\u00a0<\/strong><\/p>\n<ul>\n<li style=\"text-align: left;\">Datum : 29. Juli bis 28. August<\/li>\n<li style=\"text-align: left;\">Zeit: Montag \u2013 Freitag, jeweils 9 \u2013 17 Uhr<\/li>\n<li style=\"text-align: left;\">Bitte mitbringen :\u00a0<span lang=\"DE\">Badekleidung, T-Shirt, Windschutz, feste Schuhe, Wechselkleidung<\/span><\/li>\n<li style=\"text-align: left;\">Voraussetzung : schwimmen k\u00f6nnen<\/li>\n<li style=\"text-align: left;\">Bitte Mittagessen (Picknick) mitbringen<\/li>\n<li style=\"text-align: left;\">Tarif : N\/A\u00a0<em>(Inklusive Verleih von Boot und Ausr\u00fcstung, Betreuung, Transport, Versicherung)<\/em><\/li>\n<li style=\"text-align: left;\">Bezahlm\u00f6glichkeiten :\u00a0<span lang=\"DE\">Kreditkarte, bar, Scheck, ANCV-Schecks, \u00ab\u00a0Coupon sport\u00a0\u00bb<\/span><\/li>\n<\/ul>\n<p><img loading=\"lazy\" decoding=\"async\" class=\"aligncenter wp-image-1729 size-full\" src=\"https:\/\/strasbourgeauxvives.org\/site\/wp-content\/uploads\/2019\/04\/jeunes8-16-compress\u00e9.jpg\" alt=\"\" width=\"5472\" height=\"3648\" srcset=\"https:\/\/www.strasbourgeauxvives.org\/site\/wp-content\/uploads\/2019\/04\/jeunes8-16-compress\u00e9.jpg 5472w, https:\/\/www.strasbourgeauxvives.org\/site\/wp-content\/uploads\/2019\/04\/jeunes8-16-compress\u00e9-300x200.jpg 300w, https:\/\/www.strasbourgeauxvives.org\/site\/wp-content\/uploads\/2019\/04\/jeunes8-16-compress\u00e9-768x512.jpg 768w, https:\/\/www.strasbourgeauxvives.org\/site\/wp-content\/uploads\/2019\/04\/jeunes8-16-compress\u00e9-1024x683.jpg 1024w, https:\/\/www.strasbourgeauxvives.org\/site\/wp-content\/uploads\/2019\/04\/jeunes8-16-compress\u00e9-1620x1080.jpg 1620w\" sizes=\"auto, (max-width: 5472px) 100vw, 5472px\" \/><\/p>\n","protected":false},"excerpt":{"rendered":"<p>\u00a0\u00a0 F\u00fcr Kinder und Jugendliche von 8 bis 17 Jahren : Entdeckt den Kanusport w\u00e4hrend einer einw\u00f6chigen Ferienfreizeit w\u00e4hrend der Sommerferien. Ein abwechslungsreiches Programm mit Spiel und Spass, ruhigem und fliessendem Wasser, und zum Abschluss eine Fahrt auf dem krummen Rhein oder durch die Stadt Strassburg. Praktische Infos :\u00a0 Datum : 29. Juli bis 28.&hellip; <br \/> <a class=\"button small blue\" href=\"https:\/\/www.strasbourgeauxvives.org\/site\/index.php\/de-sommerfreizeit-fur-kinder-und-jugendliche\/\">Lire la suite<\/a><\/p>\n","protected":false},"author":2,"featured_media":0,"parent":0,"menu_order":0,"comment_status":"closed","ping_status":"closed","template":"","meta":{"footnotes":""},"class_list":["post-2067","page","type-page","status-publish","hentry"],"jetpack_sharing_enabled":true,"_links":{"self":[{"href":"https:\/\/www.strasbourgeauxvives.org\/site\/index.php\/wp-json\/wp\/v2\/pages\/2067","targetHints":{"allow":["GET"]}}],"collection":[{"href":"https:\/\/www.strasbourgeauxvives.org\/site\/index.php\/wp-json\/wp\/v2\/pages"}],"about":[{"href":"https:\/\/www.strasbourgeauxvives.org\/site\/index.php\/wp-json\/wp\/v2\/types\/page"}],"author":[{"embeddable":true,"href":"https:\/\/www.strasbourgeauxvives.org\/site\/index.php\/wp-json\/wp\/v2\/users\/2"}],"replies":[{"embeddable":true,"href":"https:\/\/www.strasbourgeauxvives.org\/site\/index.php\/wp-json\/wp\/v2\/comments?post=2067"}],"version-history":[{"count":14,"href":"https:\/\/www.strasbourgeauxvives.org\/site\/index.php\/wp-json\/wp\/v2\/pages\/2067\/revisions"}],"predecessor-version":[{"id":4365,"href":"https:\/\/www.strasbourgeauxvives.org\/site\/index.php\/wp-json\/wp\/v2\/pages\/2067\/revisions\/4365"}],"wp:attachment":[{"href":"https:\/\/www.strasbourgeauxvives.org\/site\/index.php\/wp-json\/wp\/v2\/media?parent=2067"}],"curies":[{"name":"wp","href":"https:\/\/api.w.org\/{rel}","templated":true}]}}