{"id":261,"date":"2018-06-29T19:07:52","date_gmt":"2018-06-29T17:07:52","guid":{"rendered":"http:\/\/strasbourgeauxvives.org\/site\/?page_id=261"},"modified":"2020-06-20T18:40:48","modified_gmt":"2020-06-20T16:40:48","slug":"le-rhin-tortu-krimmeri","status":"publish","type":"page","link":"https:\/\/www.strasbourgeauxvives.org\/site\/index.php\/le-rhin-tortu-krimmeri\/","title":{"rendered":"Le Rhin Tortu (Krimmeri)"},"content":{"rendered":"<p><a href=\"http:\/\/strasbourgeauxvives.org\/site\/index.php\/le-rhin-tortu-krimmeri\/\"><img loading=\"lazy\" decoding=\"async\" class=\"alignnone wp-image-1886\" src=\"http:\/\/strasbourgeauxvives.org\/site\/wp-content\/uploads\/2019\/04\/fr.png\" alt=\"\" width=\"44\" height=\"29\" srcset=\"https:\/\/www.strasbourgeauxvives.org\/site\/wp-content\/uploads\/2019\/04\/fr.png 1160w, https:\/\/www.strasbourgeauxvives.org\/site\/wp-content\/uploads\/2019\/04\/fr-300x200.png 300w, https:\/\/www.strasbourgeauxvives.org\/site\/wp-content\/uploads\/2019\/04\/fr-768x512.png 768w, https:\/\/www.strasbourgeauxvives.org\/site\/wp-content\/uploads\/2019\/04\/fr-1024x682.png 1024w\" sizes=\"auto, (max-width: 44px) 100vw, 44px\" \/><\/a>\u00a0<a href=\"http:\/\/strasbourgeauxvives.org\/site\/index.php\/en-tour-of-the-rhin-tortue\/\"><img loading=\"lazy\" decoding=\"async\" class=\"alignnone wp-image-1887\" src=\"http:\/\/strasbourgeauxvives.org\/site\/wp-content\/uploads\/2019\/04\/gb.png\" alt=\"\" width=\"54\" height=\"27\" srcset=\"https:\/\/www.strasbourgeauxvives.org\/site\/wp-content\/uploads\/2019\/04\/gb.png 1160w, https:\/\/www.strasbourgeauxvives.org\/site\/wp-content\/uploads\/2019\/04\/gb-300x150.png 300w, https:\/\/www.strasbourgeauxvives.org\/site\/wp-content\/uploads\/2019\/04\/gb-768x384.png 768w, https:\/\/www.strasbourgeauxvives.org\/site\/wp-content\/uploads\/2019\/04\/gb-1024x512.png 1024w\" sizes=\"auto, (max-width: 54px) 100vw, 54px\" \/><\/a>\u00a0<a href=\"http:\/\/strasbourgeauxvives.org\/site\/index.php\/de-krummer-rhein\/\"><img loading=\"lazy\" decoding=\"async\" class=\"alignnone wp-image-1885\" src=\"http:\/\/strasbourgeauxvives.org\/site\/wp-content\/uploads\/2019\/04\/de.png\" alt=\"\" width=\"50\" height=\"30\" srcset=\"https:\/\/www.strasbourgeauxvives.org\/site\/wp-content\/uploads\/2019\/04\/de.png 1160w, https:\/\/www.strasbourgeauxvives.org\/site\/wp-content\/uploads\/2019\/04\/de-300x180.png 300w, https:\/\/www.strasbourgeauxvives.org\/site\/wp-content\/uploads\/2019\/04\/de-768x461.png 768w, https:\/\/www.strasbourgeauxvives.org\/site\/wp-content\/uploads\/2019\/04\/de-1024x614.png 1024w\" sizes=\"auto, (max-width: 50px) 100vw, 50px\" \/><\/a><\/p>\n<p style=\"text-align: left;\"><strong>A partir de 8 personnes &#8211; dur\u00e9e 7h00 (20km &#8211; Effort moyen) &#8211; <a href=\"http:\/\/strasbourgeauxvives.org\/site\/wp-content\/uploads\/2019\/04\/Rhin-Tortu-compress\u00e9.pdf\" target=\"_blank\" rel=\"noopener\">Voir le parcours<\/a><\/strong><\/p>\n<p>Sur le tortueux \u00ab\u00a0Krimmeri\u00a0\u00bb, ce parcours qui commence en pleine campagne et qui a su garder son aspect naturel, vous fera d\u00e9couvrir les faubourgs sud de Strasbourg, du moulin Becker \u00e0 la chocolaterie \u00ab\u00a0Suchard\u00a0\u00bb, en longeant le parc Schulmeister et le stade de la Meinau.<\/p>\n<p>Les d\u00e9parts se font en matin\u00e9e pour une arriv\u00e9e l&rsquo;apr\u00e8s-midi. (Nous contacter avant)<\/p>\n<p><strong>Les embarcations :\u00a0<\/strong><\/p>\n<p><img loading=\"lazy\" decoding=\"async\" class=\"alignnone size-full wp-image-1450\" src=\"http:\/\/strasbourgeauxvives.org\/site\/wp-content\/uploads\/2019\/03\/Les-embarcations.png\" alt=\"\" width=\"1840\" height=\"330\" srcset=\"https:\/\/www.strasbourgeauxvives.org\/site\/wp-content\/uploads\/2019\/03\/Les-embarcations.png 1840w, https:\/\/www.strasbourgeauxvives.org\/site\/wp-content\/uploads\/2019\/03\/Les-embarcations-300x54.png 300w, https:\/\/www.strasbourgeauxvives.org\/site\/wp-content\/uploads\/2019\/03\/Les-embarcations-768x138.png 768w, https:\/\/www.strasbourgeauxvives.org\/site\/wp-content\/uploads\/2019\/03\/Les-embarcations-1024x184.png 1024w\" sizes=\"auto, (max-width: 1840px) 100vw, 1840px\" \/><\/p>\n<p><strong>Tarif et paiement\u00a0:<\/strong><\/p>\n<ul>\n<li style=\"text-align: left;\">35\u20ac\/personne en parcours autonome.<\/li>\n<li style=\"text-align: left;\">45\u20ac\/personne en parcours encadr\u00e9.<\/li>\n<li style=\"text-align: left;\">25% d&rsquo;arrhes sont demand\u00e9s \u00e0 la r\u00e9servation.<\/li>\n<li style=\"text-align: left;\">Possibilit\u00e9s de\u00a0 paiement : CB, Esp\u00e8ces, Ch\u00e8que, ANCV, Coupons sport.<\/li>\n<li style=\"text-align: left;\">Profitez de 10% de r\u00e9duction avec la carte CEZAM, ou \u00e0 partir de 20 personnes.<\/li>\n<\/ul>\n<p>Documents \u00e0 fournir avant la randonn\u00e9e : <a href=\"http:\/\/strasbourgeauxvives.org\/site\/wp-content\/uploads\/2019\/03\/Contrat-Location-2019.pdf\" target=\"_blank\" rel=\"noopener\">Contrat de location et assurance<\/a>\u00a0\/\u00a0<a href=\"http:\/\/strasbourgeauxvives.org\/site\/wp-content\/uploads\/2019\/03\/Contrat-r\u00e9servation.pdf\" target=\"_blank\" rel=\"noopener\">Contrat de r\u00e9servation<\/a><\/p>\n<p><strong><i>Paiement en ligne apr\u00e8s nous avoir contact\u00e9 par mail ou par t\u00e9l\u00e9phone.<span class=\"Apple-converted-space\">\u00a0<\/span><\/i><\/strong><\/p>\n<p><iframe id=\"haWidget\" style=\"width: 100%; height: 750px; border: none;\" src=\"https:\/\/www.helloasso.com\/associations\/strasbourg-eaux-vives\/evenements\/randonees-nautiques\/widget\" scrolling=\"auto\"><\/iframe><\/p>\n<div style=\"width: 100%; text-align: center;\">Propuls\u00e9 par <a href=\"https:\/\/www.helloasso.com\" rel=\"nofollow\">HelloAsso<\/a><\/div>\n<p>&nbsp;<\/p>\n","protected":false},"excerpt":{"rendered":"<p>\u00a0\u00a0 A partir de 8 personnes &#8211; dur\u00e9e 7h00 (20km &#8211; Effort moyen) &#8211; Voir le parcours Sur le tortueux \u00ab\u00a0Krimmeri\u00a0\u00bb, ce parcours qui commence en pleine campagne et qui a su garder son aspect naturel, vous fera d\u00e9couvrir les faubourgs sud de Strasbourg, du moulin Becker \u00e0 la chocolaterie \u00ab\u00a0Suchard\u00a0\u00bb, en longeant le parc&hellip; <br \/> <a class=\"button small blue\" href=\"https:\/\/www.strasbourgeauxvives.org\/site\/index.php\/le-rhin-tortu-krimmeri\/\">Lire la suite<\/a><\/p>\n","protected":false},"author":2,"featured_media":0,"parent":0,"menu_order":0,"comment_status":"closed","ping_status":"closed","template":"","meta":{"footnotes":""},"class_list":["post-261","page","type-page","status-publish","hentry"],"jetpack_sharing_enabled":true,"_links":{"self":[{"href":"https:\/\/www.strasbourgeauxvives.org\/site\/index.php\/wp-json\/wp\/v2\/pages\/261","targetHints":{"allow":["GET"]}}],"collection":[{"href":"https:\/\/www.strasbourgeauxvives.org\/site\/index.php\/wp-json\/wp\/v2\/pages"}],"about":[{"href":"https:\/\/www.strasbourgeauxvives.org\/site\/index.php\/wp-json\/wp\/v2\/types\/page"}],"author":[{"embeddable":true,"href":"https:\/\/www.strasbourgeauxvives.org\/site\/index.php\/wp-json\/wp\/v2\/users\/2"}],"replies":[{"embeddable":true,"href":"https:\/\/www.strasbourgeauxvives.org\/site\/index.php\/wp-json\/wp\/v2\/comments?post=261"}],"version-history":[{"count":7,"href":"https:\/\/www.strasbourgeauxvives.org\/site\/index.php\/wp-json\/wp\/v2\/pages\/261\/revisions"}],"predecessor-version":[{"id":3300,"href":"https:\/\/www.strasbourgeauxvives.org\/site\/index.php\/wp-json\/wp\/v2\/pages\/261\/revisions\/3300"}],"wp:attachment":[{"href":"https:\/\/www.strasbourgeauxvives.org\/site\/index.php\/wp-json\/wp\/v2\/media?parent=261"}],"curies":[{"name":"wp","href":"https:\/\/api.w.org\/{rel}","templated":true}]}}