{"id":35,"date":"2018-06-24T22:09:35","date_gmt":"2018-06-24T20:09:35","guid":{"rendered":"http:\/\/strasbourgeauxvives.org\/site\/?page_id=35"},"modified":"2023-07-04T10:29:36","modified_gmt":"2023-07-04T08:29:36","slug":"sport-sante","status":"publish","type":"page","link":"https:\/\/www.strasbourgeauxvives.org\/site\/index.php\/activites-pour-tous\/sport-sante\/","title":{"rendered":"Sport sant\u00e9"},"content":{"rendered":"<p>Aujourd\u2019hui le club s\u2019oriente vers le sport sant\u00e9, l\u2019handisport et le sport adapt\u00e9. L&rsquo;activit\u00e9 principale est le Dragon Boat. C\u2019est une embarcation stable avec 10 places qui est adapt\u00e9e \u00e0 cette pratique.\u00a0Pour compl\u00e9ter l\u2019offre par mauvais temps et en hiver, des s\u00e9ances de fitness, marche nordique, raquette \u00e0 neige et ski nordique pourront \u00eatre propos\u00e9es.<\/p>\n<p>Vous serez suivi par notre entra\u00eeneur labellis\u00e9 sport sant\u00e9 pendant cette activit\u00e9.\u00a0L&rsquo;entra\u00eenement est le <strong>jeudi de 18h00 \u00e0 20h00<\/strong>.<\/p>\n<p>Pour en savoir plus d\u00e9couvrez <a href=\"https:\/\/www.flickr.com\/photos\/119507794@N04\/albums\/72157698957487201\" target=\"_blank\" rel=\"noopener\">nos photos<\/a> ainsi que la <a href=\"http:\/\/strasbourgeauxvives.org\/site\/wp-content\/uploads\/2019\/04\/Sport-sant\u00e9-compress\u00e9.pdf\" target=\"_blank\" rel=\"noopener\">brochure sport sant\u00e9<\/a>.<\/p>\n<p>Pour vous inscrire veuillez nous contacter par mail :\u00a0<a href=\"http:\/\/strasbourgeauxvives.org\/site\/index.php\/contact\/\" rel=\"noopener\">contactez-nous <\/a><\/p>\n<p><img loading=\"lazy\" decoding=\"async\" class=\"alignnone size-full wp-image-1516\" src=\"http:\/\/strasbourgeauxvives.org\/site\/wp-content\/uploads\/2019\/03\/44437848744_a07aa7385b_o.jpg\" alt=\"\" width=\"2000\" height=\"1333\" srcset=\"https:\/\/www.strasbourgeauxvives.org\/site\/wp-content\/uploads\/2019\/03\/44437848744_a07aa7385b_o.jpg 2000w, https:\/\/www.strasbourgeauxvives.org\/site\/wp-content\/uploads\/2019\/03\/44437848744_a07aa7385b_o-300x200.jpg 300w, https:\/\/www.strasbourgeauxvives.org\/site\/wp-content\/uploads\/2019\/03\/44437848744_a07aa7385b_o-768x512.jpg 768w, https:\/\/www.strasbourgeauxvives.org\/site\/wp-content\/uploads\/2019\/03\/44437848744_a07aa7385b_o-1024x682.jpg 1024w, https:\/\/www.strasbourgeauxvives.org\/site\/wp-content\/uploads\/2019\/03\/44437848744_a07aa7385b_o-1620x1080.jpg 1620w\" sizes=\"auto, (max-width: 2000px) 100vw, 2000px\" \/><\/p>\n","protected":false},"excerpt":{"rendered":"<p>Aujourd\u2019hui le club s\u2019oriente vers le sport sant\u00e9, l\u2019handisport et le sport adapt\u00e9. L&rsquo;activit\u00e9 principale est le Dragon Boat. C\u2019est une embarcation stable avec 10 places qui est adapt\u00e9e \u00e0 cette pratique.\u00a0Pour compl\u00e9ter l\u2019offre par mauvais temps et en hiver, des s\u00e9ances de fitness, marche nordique, raquette \u00e0 neige et ski nordique pourront \u00eatre propos\u00e9es.&hellip; <br \/> <a class=\"button small blue\" href=\"https:\/\/www.strasbourgeauxvives.org\/site\/index.php\/activites-pour-tous\/sport-sante\/\">Lire la suite<\/a><\/p>\n","protected":false},"author":2,"featured_media":0,"parent":11,"menu_order":0,"comment_status":"closed","ping_status":"closed","template":"","meta":{"footnotes":""},"class_list":["post-35","page","type-page","status-publish","hentry"],"jetpack_sharing_enabled":true,"_links":{"self":[{"href":"https:\/\/www.strasbourgeauxvives.org\/site\/index.php\/wp-json\/wp\/v2\/pages\/35","targetHints":{"allow":["GET"]}}],"collection":[{"href":"https:\/\/www.strasbourgeauxvives.org\/site\/index.php\/wp-json\/wp\/v2\/pages"}],"about":[{"href":"https:\/\/www.strasbourgeauxvives.org\/site\/index.php\/wp-json\/wp\/v2\/types\/page"}],"author":[{"embeddable":true,"href":"https:\/\/www.strasbourgeauxvives.org\/site\/index.php\/wp-json\/wp\/v2\/users\/2"}],"replies":[{"embeddable":true,"href":"https:\/\/www.strasbourgeauxvives.org\/site\/index.php\/wp-json\/wp\/v2\/comments?post=35"}],"version-history":[{"count":4,"href":"https:\/\/www.strasbourgeauxvives.org\/site\/index.php\/wp-json\/wp\/v2\/pages\/35\/revisions"}],"predecessor-version":[{"id":4562,"href":"https:\/\/www.strasbourgeauxvives.org\/site\/index.php\/wp-json\/wp\/v2\/pages\/35\/revisions\/4562"}],"up":[{"embeddable":true,"href":"https:\/\/www.strasbourgeauxvives.org\/site\/index.php\/wp-json\/wp\/v2\/pages\/11"}],"wp:attachment":[{"href":"https:\/\/www.strasbourgeauxvives.org\/site\/index.php\/wp-json\/wp\/v2\/media?parent=35"}],"curies":[{"name":"wp","href":"https:\/\/api.w.org\/{rel}","templated":true}]}}