{"id":3815,"date":"2021-01-13T19:13:22","date_gmt":"2021-01-13T18:13:22","guid":{"rendered":"https:\/\/strasbourgeauxvives.org\/site\/?page_id=3815"},"modified":"2021-03-14T21:06:17","modified_gmt":"2021-03-14T20:06:17","slug":"section-sportive","status":"publish","type":"page","link":"https:\/\/www.strasbourgeauxvives.org\/site\/index.php\/section-sportive\/","title":{"rendered":"Section sportive"},"content":{"rendered":"<h6 style=\"text-align: center;\"><span style=\"color: #000000;\"><em><strong>A partir de la rentr\u00e9e scolaire 2021, nous ouvrons une nouvelle section sportive en partenariat avec le lyc\u00e9e Sainte-Clotilde et le coll\u00e8ge Notre-Dame-de-Sion.<\/strong><\/em><\/span><\/h6>\n<p style=\"text-align: left;\"><strong>Classes concern\u00e9es :\u00a0<\/strong><\/p>\n<ul style=\"text-align: left;\">\n<li>6<sup>\u00e8me <\/sup>\u00a0: d\u00e9butants accept\u00e9s.<\/li>\n<li>5<sup>\u00e8me<\/sup> : d\u00e9butants accept\u00e9s.<\/li>\n<\/ul>\n<p style=\"text-align: left;\">8 places au maximum pour les 2 classes.<\/p>\n<ul style=\"text-align: left;\">\n<li>2nde : El\u00e8ves avec des bases en cano\u00eb-kayak.<\/li>\n<\/ul>\n<p style=\"text-align: left;\">8 places au maximum en classe de 2nde.<\/p>\n<p style=\"text-align: left;\"><em>Les classes de 4<sup>\u00e8me<\/sup> et 1\u00e8re ouvriront en septembre 2022. Les classes de 3<sup>\u00e8me<\/sup> et terminale ouvriront en septembre 2023<\/em>.<\/p>\n<p style=\"text-align: left;\"><strong>Les objectifs \u00e9ducatifs :\u00a0<\/strong><\/p>\n<ul style=\"text-align: left;\">\n<li>D\u00e9velopper et renforcer le go\u00fbt de l\u2019effort.<\/li>\n<li>Agir selon des r\u00e8gles s\u00e9curitaires afin d\u2019adopter un comportement citoyen et responsable.<\/li>\n<li>Renforcer la coop\u00e9ration, la solidarit\u00e9 et l\u2019entraide au sein d\u2019un groupe.<\/li>\n<li>Contribuer \u00e0 leur r\u00e9ussite scolaire et valoriser au travers de leur r\u00e9ussite sportive.<\/li>\n<li>Assumer des r\u00f4les sociaux et \u00eatre plus autonomes.<\/li>\n<\/ul>\n<p style=\"text-align: left;\"><strong>Les objectifs sportifs :\u00a0<\/strong><\/p>\n<ul style=\"text-align: left;\">\n<li>D\u00e9velopper une motricit\u00e9 sp\u00e9cifique \u00e0 l\u2019activit\u00e9 cano\u00eb-kayak.<\/li>\n<li>Permettre une pratique approfondie du\u00a0cano\u00eb-kayak.<\/li>\n<li>Permettre aux \u00e9l\u00e8ves de progresser et de s\u2019\u00e9panouir \u00e0 travers le cano\u00eb-kayak.<\/li>\n<li>Sensibiliser les \u00e9l\u00e8ves \u00e0 une pratique r\u00e9guli\u00e8re.<\/li>\n<li>S\u2019orienter progressivement vers une pratique de haut niveau.<\/li>\n<li>Participer aux comp\u00e9titions (<a href=\"https:\/\/strasbourgeauxvives.org\/site\/index.php\/competitions\/courses-espoirs\/\" target=\"_blank\" rel=\"noopener\">courses espoirs<\/a> pour les plus jeunes et nationales pour les plus grands).<\/li>\n<\/ul>\n<p style=\"text-align: left;\"><strong>Recrutement et maintien dans la section :<\/strong><\/p>\n<p style=\"text-align: left;\">Le coll\u00e8ge Notre-Dame-de-Sion, le lyc\u00e9e Sainte-Clotilde et le club de Strasbourg Eaux-Vives mettent en place des tests de s\u00e9lection bas\u00e9s sur une \u00e9valuation des aptitudes physiques.\u00a0Pour r\u00e9ussir ces tests, il n\u2019est pas indispensable d\u2019\u00eatre inscrit au club de Strasbourg Eaux-Vives, les candidats pouvant \u00eatre d\u00e9butants dans l\u2019activit\u00e9 pour les classes de 6<sup>\u00e8me <\/sup>et de 5<sup>\u00e8me<\/sup>.<\/p>\n<p style=\"text-align: left;\">L&rsquo;inscription se fait aupr\u00e8s des \u00e9tablissements scolaires, <a href=\"https:\/\/nds67.com\/documents-a-telecharger\/#\" target=\"_blank\" rel=\"noopener\">coll\u00e8ge Notre-Dame-de-Sion<\/a>\u00a0et le\u00a0<a href=\"https:\/\/www.clotilde.org\/inscription-lycee-general-technologique-professionnel\/\" target=\"_blank\" rel=\"noopener\">lyc\u00e9e Sainte-Clotilde<\/a>. Les candidats retenus\u00a0devront prendre leur licence f\u00e9d\u00e9rale au sein du club une fois l\u2019int\u00e9gration dans la section sportive officialis\u00e9e.<\/p>\n<p style=\"text-align: left;\">Le dispositif s\u2019adresse prioritairement \u00e0 des enfants ayant le go\u00fbt de l\u2019effort et capables de s\u2019organiser afin de s\u2019investir pleinement et sur le long terme dans toutes les mati\u00e8res scolaires.<\/p>\n<p style=\"text-align: left;\">Chaque ann\u00e9e, l\u2019int\u00e9gration \u00e0 la section sportive doit faire l\u2019objet d\u2019une demande de la famille. Le maintien en cours ou \u00e0 l\u2019issue de l\u2019ann\u00e9e scolaire d\u2019un \u00e9l\u00e8ve est directement li\u00e9 \u00e0 sa conduite, \u00e0 son travail et \u00e0 ses r\u00e9sultats scolaires. Le chef d\u2019\u00e9tablissement, sur proposition de l\u2019\u00e9quipe p\u00e9dagogique, et en concertation avec l&rsquo;entra\u00eeneur r\u00e9f\u00e9rent de Strasbourg Eaux-Vives, peut \u00eatre amen\u00e9 \u00e0 remettre en question l\u2019affectation en section sportive d\u2019un \u00e9l\u00e8ve qui ne parvient pas \u00e0 concilier enseignement g\u00e9n\u00e9ral et pratique sportive.<\/p>\n<p style=\"text-align: left;\"><strong>\u00c9valuation de la section sportive :\u00a0<\/strong><\/p>\n<ul style=\"text-align: left;\">\n<li>Les \u00e9l\u00e8ves appartenant \u00e0 la section sportive cano\u00eb kayak ne sont pas not\u00e9s mais seront \u00e9valu\u00e9s sous forme d\u2019observations que l\u2019on retrouvera sur le bulletin de chacun.<\/li>\n<li>Celles-ci ont pour but de renseigner l\u2019\u00e9l\u00e8ve, la famille et les autres enseignants sur le travail, le progr\u00e8s, l\u2019investissement et l&rsquo;attitude de l\u2019\u00e9l\u00e8ve.<\/li>\n<li>En plus de cette \u00e9valuation trimestrielle, un suivi hebdomadaire est organis\u00e9 (entre professeurs et \u00e9ducateurs sportifs).<\/li>\n<\/ul>\n<p>&nbsp;<\/p>\n<p style=\"text-align: left;\"><strong>Pour plus d&rsquo;information, nous contacter par <a href=\"https:\/\/strasbourgeauxvives.org\/site\/index.php\/contact\/\" target=\"_blank\" rel=\"noopener\">mail<\/a> ou au 03.88.31.49.00.<\/strong><\/p>\n<p style=\"text-align: left;\"><img loading=\"lazy\" decoding=\"async\" class=\"size-full wp-image-3820 aligncenter\" src=\"https:\/\/strasbourgeauxvives.org\/site\/wp-content\/uploads\/2021\/01\/1.jpg\" alt=\"\" width=\"4272\" height=\"2848\" srcset=\"https:\/\/www.strasbourgeauxvives.org\/site\/wp-content\/uploads\/2021\/01\/1.jpg 4272w, https:\/\/www.strasbourgeauxvives.org\/site\/wp-content\/uploads\/2021\/01\/1-300x200.jpg 300w, https:\/\/www.strasbourgeauxvives.org\/site\/wp-content\/uploads\/2021\/01\/1-768x512.jpg 768w, https:\/\/www.strasbourgeauxvives.org\/site\/wp-content\/uploads\/2021\/01\/1-1024x683.jpg 1024w, https:\/\/www.strasbourgeauxvives.org\/site\/wp-content\/uploads\/2021\/01\/1-1620x1080.jpg 1620w\" sizes=\"auto, (max-width: 4272px) 100vw, 4272px\" \/><\/p>\n<div id=\"sconnect-is-installed\" style=\"display: none; text-align: left;\"><\/div>\n","protected":false},"excerpt":{"rendered":"<p>A partir de la rentr\u00e9e scolaire 2021, nous ouvrons une nouvelle section sportive en partenariat avec le lyc\u00e9e Sainte-Clotilde et le coll\u00e8ge Notre-Dame-de-Sion. Classes concern\u00e9es :\u00a0 6\u00e8me \u00a0: d\u00e9butants accept\u00e9s. 5\u00e8me : d\u00e9butants accept\u00e9s. 8 places au maximum pour les 2 classes. 2nde : El\u00e8ves avec des bases en cano\u00eb-kayak. 8 places au maximum en&hellip; <br \/> <a class=\"button small blue\" href=\"https:\/\/www.strasbourgeauxvives.org\/site\/index.php\/section-sportive\/\">Lire la suite<\/a><\/p>\n","protected":false},"author":2,"featured_media":0,"parent":0,"menu_order":0,"comment_status":"closed","ping_status":"closed","template":"","meta":{"footnotes":""},"class_list":["post-3815","page","type-page","status-publish","hentry"],"jetpack_sharing_enabled":true,"_links":{"self":[{"href":"https:\/\/www.strasbourgeauxvives.org\/site\/index.php\/wp-json\/wp\/v2\/pages\/3815","targetHints":{"allow":["GET"]}}],"collection":[{"href":"https:\/\/www.strasbourgeauxvives.org\/site\/index.php\/wp-json\/wp\/v2\/pages"}],"about":[{"href":"https:\/\/www.strasbourgeauxvives.org\/site\/index.php\/wp-json\/wp\/v2\/types\/page"}],"author":[{"embeddable":true,"href":"https:\/\/www.strasbourgeauxvives.org\/site\/index.php\/wp-json\/wp\/v2\/users\/2"}],"replies":[{"embeddable":true,"href":"https:\/\/www.strasbourgeauxvives.org\/site\/index.php\/wp-json\/wp\/v2\/comments?post=3815"}],"version-history":[{"count":26,"href":"https:\/\/www.strasbourgeauxvives.org\/site\/index.php\/wp-json\/wp\/v2\/pages\/3815\/revisions"}],"predecessor-version":[{"id":3873,"href":"https:\/\/www.strasbourgeauxvives.org\/site\/index.php\/wp-json\/wp\/v2\/pages\/3815\/revisions\/3873"}],"wp:attachment":[{"href":"https:\/\/www.strasbourgeauxvives.org\/site\/index.php\/wp-json\/wp\/v2\/media?parent=3815"}],"curies":[{"name":"wp","href":"https:\/\/api.w.org\/{rel}","templated":true}]}}