{"id":404,"date":"2018-07-02T19:40:21","date_gmt":"2018-07-02T17:40:21","guid":{"rendered":"http:\/\/strasbourgeauxvives.org\/site\/?page_id=404"},"modified":"2026-01-30T11:38:19","modified_gmt":"2026-01-30T10:38:19","slug":"adultes","status":"publish","type":"page","link":"https:\/\/www.strasbourgeauxvives.org\/site\/index.php\/adultes\/","title":{"rendered":"Adultes"},"content":{"rendered":"\n<p>Le groupe adulte est destin\u00e9 aux personnes qui souhaitent faire du loisir<span style=\"font-size: 18px; font-family: 'Source Sans Pro', sans-serif;\">&nbsp;avec des embarcations stables. Les embarcations sont adapt\u00e9es aux diff\u00e9rentes pratiques :<\/span><span style=\"font-size: 18px; font-family: 'Source Sans Pro', sans-serif;\">&nbsp;eau calme, freestyle, et rivi\u00e8re.<\/span><\/p>\n\n\n\n<p>Plusieurs stages sont organis\u00e9s durant l&rsquo;ann\u00e9e : Dordogne, Sault-Br\u00e9naz, la Durance, etc. Des sorties \u00e0 la journ\u00e9e sont \u00e9galement propos\u00e9es.<\/p>\n\n\n\n<h4 class=\"wp-block-heading\"><strong>Les entra\u00eenements :<\/strong><\/h4>\n\n\n\n<p class=\"has-text-align-left\">Horaires de septembre \u00e0 fin octobre et d&rsquo;avril \u00e0 juillet :\u00a0<\/p>\n\n\n\n<figure class=\"wp-block-table\"><table class=\"has-fixed-layout\"><thead><tr><th><\/th><th>Horaires<\/th><th>S\u00e9ances<\/th><\/tr><\/thead><tbody><tr><td><strong>Mardi<\/strong><\/td><td>18h30-20h00<\/td><td>Perfectionnement et eau-vive<\/td><\/tr><tr><td><strong>Jeudi<\/strong><\/td><td>18h30-20h00<\/td><td>Cours d\u00e9butant<\/td><\/tr><tr><td><strong>Samedi<\/strong><\/td><td>14h00-16h00<\/td><td>Entra\u00eenement libre<\/td><\/tr><\/tbody><\/table><\/figure>\n\n\n\n<p><\/p>\n\n\n\n<p class=\"has-text-align-left\">Horaires de d\u00e9but novembre \u00e0 fin mars :\u00a0<\/p>\n\n\n\n<figure class=\"wp-block-table\"><table class=\"has-fixed-layout\"><thead><tr><th><\/th><th>Horaires<\/th><th>S\u00e9ances<\/th><\/tr><\/thead><tbody><tr><td><strong>Jeudi<\/strong><\/td><td>19h15-21h00<\/td><td>Esquimautage en piscine<\/td><\/tr><tr><td><strong>Samedi<\/strong><\/td><td>14h00-16h00<\/td><td>Entra\u00eenement libre<\/td><\/tr><\/tbody><\/table><\/figure>\n\n\n\n<p>Les s\u00e9ances d&rsquo;esquimautage sont \u00e0 la piscine de Schiltigheim. Durant les vacances scolaires il n&rsquo;y a pas d&rsquo;entra\u00eenement.<\/p>\n\n\n\n<h4 class=\"wp-block-heading\"><strong>Prendre une licence :<\/strong><\/h4>\n\n\n\n<ul class=\"wp-block-list\">\n<li><a href=\"https:\/\/www.strasbourgeauxvives.org\/site\/index.php\/2025\/12\/26\/renouvellement-des-licence-2026\/\">Suivez la proc\u00e9dure d&rsquo;inscription et de renouvellement d\u00e9crite sur cette page<\/a>.<\/li>\n<\/ul>\n\n\n\n<p><\/p>\n\n\n\n<p><\/p>\n\n\n\n<figure class=\"wp-block-image size-large\"><img loading=\"lazy\" decoding=\"async\" width=\"1024\" height=\"455\" src=\"https:\/\/www.strasbourgeauxvives.org\/site\/wp-content\/uploads\/2021\/05\/187524910_1884235598392227_5794070175400158432_n-1024x455.jpg\" alt=\"\" class=\"wp-image-3984\" srcset=\"https:\/\/www.strasbourgeauxvives.org\/site\/wp-content\/uploads\/2021\/05\/187524910_1884235598392227_5794070175400158432_n-1024x455.jpg 1024w, https:\/\/www.strasbourgeauxvives.org\/site\/wp-content\/uploads\/2021\/05\/187524910_1884235598392227_5794070175400158432_n-300x133.jpg 300w, https:\/\/www.strasbourgeauxvives.org\/site\/wp-content\/uploads\/2021\/05\/187524910_1884235598392227_5794070175400158432_n-768x341.jpg 768w, https:\/\/www.strasbourgeauxvives.org\/site\/wp-content\/uploads\/2021\/05\/187524910_1884235598392227_5794070175400158432_n.jpg 1440w\" sizes=\"auto, (max-width: 1024px) 100vw, 1024px\" \/><\/figure>\n\n\n\n<figure class=\"wp-block-image size-large\"><img loading=\"lazy\" decoding=\"async\" width=\"1024\" height=\"683\" src=\"https:\/\/www.strasbourgeauxvives.org\/site\/wp-content\/uploads\/2019\/04\/Stage-adulte-compress\u00e9-1024x683.jpg\" alt=\"\" class=\"wp-image-1727\" srcset=\"https:\/\/www.strasbourgeauxvives.org\/site\/wp-content\/uploads\/2019\/04\/Stage-adulte-compress\u00e9-1024x683.jpg 1024w, https:\/\/www.strasbourgeauxvives.org\/site\/wp-content\/uploads\/2019\/04\/Stage-adulte-compress\u00e9-300x200.jpg 300w, https:\/\/www.strasbourgeauxvives.org\/site\/wp-content\/uploads\/2019\/04\/Stage-adulte-compress\u00e9-768x512.jpg 768w, https:\/\/www.strasbourgeauxvives.org\/site\/wp-content\/uploads\/2019\/04\/Stage-adulte-compress\u00e9-1620x1080.jpg 1620w\" sizes=\"auto, (max-width: 1024px) 100vw, 1024px\" \/><\/figure>\n","protected":false},"excerpt":{"rendered":"<p>Le groupe adulte est destin\u00e9 aux personnes qui souhaitent faire du loisir&nbsp;avec des embarcations stables. Les embarcations sont adapt\u00e9es aux diff\u00e9rentes pratiques :&nbsp;eau calme, freestyle, et rivi\u00e8re. Plusieurs stages sont organis\u00e9s durant l&rsquo;ann\u00e9e : Dordogne, Sault-Br\u00e9naz, la Durance, etc. Des sorties \u00e0 la journ\u00e9e sont \u00e9galement propos\u00e9es. Les entra\u00eenements : Horaires de septembre \u00e0 fin&hellip; <br \/> <a class=\"button small blue\" href=\"https:\/\/www.strasbourgeauxvives.org\/site\/index.php\/adultes\/\">Lire la suite<\/a><\/p>\n","protected":false},"author":2,"featured_media":0,"parent":0,"menu_order":0,"comment_status":"closed","ping_status":"closed","template":"","meta":{"footnotes":""},"class_list":["post-404","page","type-page","status-publish","hentry"],"jetpack_sharing_enabled":true,"_links":{"self":[{"href":"https:\/\/www.strasbourgeauxvives.org\/site\/index.php\/wp-json\/wp\/v2\/pages\/404","targetHints":{"allow":["GET"]}}],"collection":[{"href":"https:\/\/www.strasbourgeauxvives.org\/site\/index.php\/wp-json\/wp\/v2\/pages"}],"about":[{"href":"https:\/\/www.strasbourgeauxvives.org\/site\/index.php\/wp-json\/wp\/v2\/types\/page"}],"author":[{"embeddable":true,"href":"https:\/\/www.strasbourgeauxvives.org\/site\/index.php\/wp-json\/wp\/v2\/users\/2"}],"replies":[{"embeddable":true,"href":"https:\/\/www.strasbourgeauxvives.org\/site\/index.php\/wp-json\/wp\/v2\/comments?post=404"}],"version-history":[{"count":64,"href":"https:\/\/www.strasbourgeauxvives.org\/site\/index.php\/wp-json\/wp\/v2\/pages\/404\/revisions"}],"predecessor-version":[{"id":5072,"href":"https:\/\/www.strasbourgeauxvives.org\/site\/index.php\/wp-json\/wp\/v2\/pages\/404\/revisions\/5072"}],"wp:attachment":[{"href":"https:\/\/www.strasbourgeauxvives.org\/site\/index.php\/wp-json\/wp\/v2\/media?parent=404"}],"curies":[{"name":"wp","href":"https:\/\/api.w.org\/{rel}","templated":true}]}}