{"id":41,"date":"2018-06-24T22:10:23","date_gmt":"2018-06-24T20:10:23","guid":{"rendered":"http:\/\/strasbourgeauxvives.org\/site\/?page_id=41"},"modified":"2024-05-10T08:40:14","modified_gmt":"2024-05-10T06:40:14","slug":"partenariats","status":"publish","type":"page","link":"https:\/\/www.strasbourgeauxvives.org\/site\/index.php\/partenariats\/","title":{"rendered":"Vous souhaitez nous soutenir ?"},"content":{"rendered":"<p style=\"text-align: left;\"><strong>Devenir partenaire :\u00a0<\/strong><\/p>\n<p>ll permet d&rsquo;associer votre image \u00e0 notre club de sport :<\/p>\n<ul>\n<li style=\"text-align: left;\">A partir de 500\u20ac : \u00a0Sur nos panneaux d&rsquo;affichage (int\u00e9rieur et ext\u00e9rieur) de notre base<\/li>\n<li style=\"text-align: left;\">A partir de 1 500\u20ac : Sur nos flyers d\u00e9couvertes et aventures (Plus de 10 000 exemplaires)<\/li>\n<li style=\"text-align: left;\">A partir de 2 500\u20ac : Sur nos 40 cano\u00ebs de location (Pratique sur Strasbourg et environs)<\/li>\n<li style=\"text-align: left;\">A partir de 3 500\u20ac : \u00a0Sur nos 5 v\u00e9hicules (D\u00e9placement national)<\/li>\n<li style=\"text-align: left;\">A partir de 5 000\u20ac : Baptiser \u00e0 votre effigie un de nos Dragon Boat 10 places (Sport sant\u00e9, Handi-Cano\u00eb, Comit\u00e9s d&rsquo;entreprise et animations loisir)<\/li>\n<\/ul>\n<p><strong>Devenir m\u00e9c\u00e8ne :\u00a0<\/strong><\/p>\n<ul>\n<li style=\"text-align: left;\">A partir de 500\u20ac<\/li>\n<li style=\"text-align: left;\">Donne droit \u00e0 une r\u00e9duction d&rsquo;imp\u00f4t \u00e0 hauteur de 60% du montant du don<\/li>\n<li style=\"text-align: left;\">Remise d&rsquo;un certificat CERFA pour les services fiscaux<\/li>\n<li style=\"text-align: left;\">Logo sur notre affichage partenaire au club-house<\/li>\n<li style=\"text-align: left;\">Invitation \u00e0 notre c\u00e9r\u00e9monie de remise de m\u00e9dailles<\/li>\n<\/ul>\n<p><strong>Faire un don (particulier) :<\/strong><\/p>\n<ul>\n<li style=\"text-align: left;\">Les dons ouvrent droit \u00e0 une r\u00e9duction d&rsquo;imp\u00f4t sur le revenu \u00e9gal \u00e0 66% du montant vers\u00e9 dans la limite de 20% du revenu disponible. Par exemple, un don de 100\u20ac ouvre droit \u00e0 une r\u00e9duction d&rsquo;imp\u00f4t de 66\u20ac.<\/li>\n<\/ul>\n<p><a href=\"https:\/\/www.strasbourgeauxvives.org\/site\/wp-content\/uploads\/2023\/12\/Dossier-de-partenariat-SEV.pdf\">Dossier de partenariat SEV<\/a><\/p>\n<pre style=\"text-align: center;\"><strong><a href=\"https:\/\/www.helloasso.com\/associations\/strasbourg-eaux-vives\/formulaires\/1\/widget\" target=\"_blank\" rel=\"noopener\">Faire un don en ligne<\/a><\/strong><\/pre>\n","protected":false},"excerpt":{"rendered":"<p>Devenir partenaire :\u00a0 ll permet d&rsquo;associer votre image \u00e0 notre club de sport : A partir de 500\u20ac : \u00a0Sur nos panneaux d&rsquo;affichage (int\u00e9rieur et ext\u00e9rieur) de notre base A partir de 1 500\u20ac : Sur nos flyers d\u00e9couvertes et aventures (Plus de 10 000 exemplaires) A partir de 2 500\u20ac : Sur nos 40&hellip; <br \/> <a class=\"button small blue\" href=\"https:\/\/www.strasbourgeauxvives.org\/site\/index.php\/partenariats\/\">Lire la suite<\/a><\/p>\n","protected":false},"author":2,"featured_media":0,"parent":0,"menu_order":0,"comment_status":"closed","ping_status":"closed","template":"","meta":{"footnotes":""},"class_list":["post-41","page","type-page","status-publish","hentry"],"jetpack_sharing_enabled":true,"_links":{"self":[{"href":"https:\/\/www.strasbourgeauxvives.org\/site\/index.php\/wp-json\/wp\/v2\/pages\/41","targetHints":{"allow":["GET"]}}],"collection":[{"href":"https:\/\/www.strasbourgeauxvives.org\/site\/index.php\/wp-json\/wp\/v2\/pages"}],"about":[{"href":"https:\/\/www.strasbourgeauxvives.org\/site\/index.php\/wp-json\/wp\/v2\/types\/page"}],"author":[{"embeddable":true,"href":"https:\/\/www.strasbourgeauxvives.org\/site\/index.php\/wp-json\/wp\/v2\/users\/2"}],"replies":[{"embeddable":true,"href":"https:\/\/www.strasbourgeauxvives.org\/site\/index.php\/wp-json\/wp\/v2\/comments?post=41"}],"version-history":[{"count":5,"href":"https:\/\/www.strasbourgeauxvives.org\/site\/index.php\/wp-json\/wp\/v2\/pages\/41\/revisions"}],"predecessor-version":[{"id":4706,"href":"https:\/\/www.strasbourgeauxvives.org\/site\/index.php\/wp-json\/wp\/v2\/pages\/41\/revisions\/4706"}],"wp:attachment":[{"href":"https:\/\/www.strasbourgeauxvives.org\/site\/index.php\/wp-json\/wp\/v2\/media?parent=41"}],"curies":[{"name":"wp","href":"https:\/\/api.w.org\/{rel}","templated":true}]}}