{"id":4607,"date":"2023-09-21T12:01:42","date_gmt":"2023-09-21T10:01:42","guid":{"rendered":"https:\/\/www.strasbourgeauxvives.org\/site\/?page_id=4607"},"modified":"2023-10-16T18:21:05","modified_gmt":"2023-10-16T16:21:05","slug":"saison-2023","status":"publish","type":"page","link":"https:\/\/www.strasbourgeauxvives.org\/site\/index.php\/competitions\/saison-2023\/","title":{"rendered":"Saison 2023"},"content":{"rendered":"\n<h2 class=\"wp-block-heading\">Lien utiles<\/h2>\n\n\n\n<ul class=\"wp-block-list\">\n<li><a href=\"https:\/\/www.strasbourgeauxvives.org\/site\/index.php\/competitions\/calendrier-des-competitions-et-stages\/\" data-type=\"page\" data-id=\"4553\">Calendrier en ligne des comp\u00e9titions et stages<\/a><\/li>\n\n\n\n<li><a href=\"https:\/\/www.strasbourgeauxvives.org\/competition\/\" data-type=\"link\" data-id=\"https:\/\/www.strasbourgeauxvives.org\/competition\/\">R\u00e9sultats et Palmar\u00e8s du club et des s\u00e9viens<\/a><\/li>\n\n\n\n<li>Photos des comp\u00e9titions :\n<ul class=\"wp-block-list\">\n<li><a href=\"https:\/\/photos.amir-tahmasseb.net\/\" data-type=\"link\" data-id=\"https:\/\/photos.amir-tahmasseb.net\/\">Marc (https:\/\/photos.amir-tahmasseb.net)<\/a><\/li>\n<\/ul>\n<\/li>\n\n\n\n<li>Site et r\u00e9seaux sociaux\n<ul class=\"wp-block-list\">\n<li><a href=\"https:\/\/www.strasbourgeauxvives.org\" data-type=\"link\" data-id=\"https:\/\/www.strasbourgeauxvives.org\">Site Internet SEV<\/a><\/li>\n\n\n\n<li><a href=\"https:\/\/www.instagram.com\/strasbourgeauxvives\/\" data-type=\"link\" data-id=\"https:\/\/www.instagram.com\/strasbourgeauxvives\/\">Instagram SEV<\/a><\/li>\n\n\n\n<li><a href=\"https:\/\/www.facebook.com\/SEVofficielle\" data-type=\"link\" data-id=\"https:\/\/www.facebook.com\/SEVofficielle\">Facebook SEV &#8211; compte officiel<\/a><\/li>\n\n\n\n<li><a href=\"https:\/\/www.facebook.com\/groups\/strasbourg.eaux.vives\/\" data-type=\"link\" data-id=\"https:\/\/www.facebook.com\/groups\/strasbourg.eaux.vives\/\">Facebook SEV &#8211; Groupe de discussion<\/a><\/li>\n\n\n\n<li><a href=\"https:\/\/www.facebook.com\/groups\/petitesannonces.canoekayak\/permalink\/6396160367148327\/\" data-type=\"link\" data-id=\"https:\/\/www.facebook.com\/groups\/petitesannonces.canoekayak\/permalink\/6396160367148327\/\">Facebook &#8211; Petites annonces CK<\/a><\/li>\n<\/ul>\n<\/li>\n<\/ul>\n\n\n\n<h2 class=\"wp-block-heading\">Convocations<\/h2>\n\n\n\n<div class=\"wp-block-file\"><a id=\"wp-block-file--media-586b053d-3eb9-4420-8092-6e7532be5e0e\" href=\"https:\/\/www.strasbourgeauxvives.org\/site\/wp-content\/uploads\/2023\/10\/fiche-dinfo.pdf\" target=\"_blank\" rel=\"noreferrer noopener\">DEPXX &#8211; R\u00e9gate Internationale \u00e0 Saint Laurent Blangy (4-5 novembre 2023)<\/a><\/div>\n\n\n\n<div class=\"wp-block-file\"><a id=\"wp-block-file--media-86fbb635-c177-4d2b-b43c-d60c7a8d2eb3\" href=\"https:\/\/www.strasbourgeauxvives.org\/site\/wp-content\/uploads\/2023\/10\/octobre-2023-course-en-ligne.pdf\" target=\"_blank\" rel=\"noreferrer noopener\">STAGE Course en ligne \u00e0 Strasbourg (30 octobre au 3 novembre 2023)<\/a><\/div>\n\n\n\n<div class=\"wp-block-file\"><a id=\"wp-block-file--media-ca778471-a513-4f4d-9905-9de423073190\" href=\"https:\/\/www.strasbourgeauxvives.org\/site\/wp-content\/uploads\/2023\/09\/Fiche-Info-CR-Fond-2023-Mondelange.pdf\" target=\"_blank\" rel=\"noreferrer noopener\">DEP16 &#8211; Championnat R\u00e9gional de Fond \u00e0 Mondelange (15 octobre 2023)<\/a><\/div>\n\n\n\n<div class=\"wp-block-file\"><a id=\"wp-block-file--media-a9186c43-001e-4d41-a58a-b9d5925db65c\" href=\"https:\/\/www.strasbourgeauxvives.org\/site\/wp-content\/uploads\/2023\/09\/2023-DEP17-FicheInfo-France-ShortRace-3.pdf\" target=\"_blank\" rel=\"noreferrer noopener\">DEP17 &#8211; Championnats de France Short Race \u00e0 Mantes la Jolie (7-8 octobre 2023)<\/a><\/div>\n\n\n\n<div class=\"wp-block-file\"><a id=\"wp-block-file--media-490a44e6-2a21-40d9-9532-8244fe833728\" href=\"https:\/\/www.strasbourgeauxvives.org\/site\/wp-content\/uploads\/2023\/09\/2023-DEPXX-FicheInfo-TestsPass.pdf\" target=\"_blank\" rel=\"noreferrer noopener\">DEPXX &#8211; TestsPass \u00e0 Nancy (30 septembre 2023)<\/a><\/div>\n\n\n\n<div class=\"wp-block-file\"><a id=\"wp-block-file--media-09ef9d4b-76fd-4b85-b719-f794acb21745\" href=\"https:\/\/www.strasbourgeauxvives.org\/site\/wp-content\/uploads\/2023\/09\/Fiche-Info-CdF-Marathon-2023-Decize.pdf\" target=\"_blank\" rel=\"noreferrer noopener\">DEP14 &#8211; Championnats de France de Marathon \u00e0 Decize (23-24 septembre 2023)<\/a><\/div>\n\n\n\n<div class=\"wp-block-file\"><a id=\"wp-block-file--media-2c983ef0-27e0-4303-9dca-e133f23ebfd1\" href=\"https:\/\/www.strasbourgeauxvives.org\/site\/wp-content\/uploads\/2023\/09\/2023-DEP14bis-FicheInfo-SN-Marathon.pdf\" target=\"_blank\" rel=\"noreferrer noopener\">DEP14bis &#8211; S\u00e9lection Nationale Marathon \u00e0 St Pierre en Cornillon (8-10 septembre2023)<\/a><\/div>\n\n\n\n<h2 class=\"wp-block-heading\">Autres informations<\/h2>\n\n\n\n<h3 class=\"wp-block-heading\">Entrainements<\/h3>\n\n\n\n<div class=\"wp-block-file\"><a id=\"wp-block-file--media-16898e89-8d48-4b66-8656-d8276d7e22a2\" href=\"https:\/\/www.strasbourgeauxvives.org\/site\/wp-content\/uploads\/2023\/10\/Document-scanne-cadence.pdf\" target=\"_blank\" rel=\"noreferrer noopener\">Intensit\u00e9 &amp; cadence gestuelle en cano\u00eb kayak<\/a><\/div>\n\n\n\n<div class=\"wp-block-file\"><a id=\"wp-block-file--media-1f0b2dd5-9898-4eb6-8cd9-cb3ed316a245\" href=\"https:\/\/www.strasbourgeauxvives.org\/site\/wp-content\/uploads\/2023\/10\/Type-d-entrainement-scaled.jpg\" target=\"_blank\" rel=\"noreferrer noopener\">D\u00e9finition des diff\u00e9rents types d&rsquo;entrainement sp\u00e9cifique<\/a><\/div>\n\n\n\n<div class=\"wp-block-file\"><a id=\"wp-block-file--media-8ce5231e-63de-4b34-97fd-214967475d26\" href=\"https:\/\/www.strasbourgeauxvives.org\/site\/wp-content\/uploads\/2023\/10\/terminologie-FC-cadence-1.jpg\" target=\"_blank\" rel=\"noreferrer noopener\">Terminologie \/ Types d&rsquo;entrainements \/ Nature de la r\u00e9cup\u00e9rtion<\/a><\/div>\n\n\n\n<p><\/p>\n\n\n\n<h3 class=\"wp-block-heading\">Nutrition<\/h3>\n\n\n\n<div class=\"wp-block-file\"><a id=\"wp-block-file--media-6d7a45a1-8172-4ecc-8119-f50a98fcaa5e\" href=\"https:\/\/www.strasbourgeauxvives.org\/site\/wp-content\/uploads\/2023\/10\/fiches_nutrition_-_tome_1_-_insep.pdf\" target=\"_blank\" rel=\"noreferrer noopener\">Fiche Nutrition INSEP &#8211; Tome 1<\/a><\/div>\n\n\n\n<p><\/p>\n\n\n\n<h2 class=\"wp-block-heading\">Calendrier<\/h2>\n\n\n<div class=\"wp-block-jetpack-google-calendar\"><iframe loading=\"lazy\" src=\"https:\/\/calendar.google.com\/calendar\/u\/0\/embed?src=a9odq45g18ib35poc0644pidb4@group.calendar.google.com&#038;ctz=Europe\/Paris&#038;wkst=2\" frameborder=\"0\" style=\"border:0\" scrolling=\"no\" height=\"600\" width=\"100%\" sandbox=\"allow-scripts allow-same-origin allow-popups\"><\/iframe><\/div>","protected":false},"excerpt":{"rendered":"<p>Lien utiles Convocations Autres informations Entrainements Nutrition Calendrier<\/p>\n","protected":false},"author":314,"featured_media":0,"parent":21,"menu_order":4,"comment_status":"closed","ping_status":"closed","template":"","meta":{"footnotes":""},"class_list":["post-4607","page","type-page","status-publish","hentry"],"jetpack_sharing_enabled":true,"_links":{"self":[{"href":"https:\/\/www.strasbourgeauxvives.org\/site\/index.php\/wp-json\/wp\/v2\/pages\/4607","targetHints":{"allow":["GET"]}}],"collection":[{"href":"https:\/\/www.strasbourgeauxvives.org\/site\/index.php\/wp-json\/wp\/v2\/pages"}],"about":[{"href":"https:\/\/www.strasbourgeauxvives.org\/site\/index.php\/wp-json\/wp\/v2\/types\/page"}],"author":[{"embeddable":true,"href":"https:\/\/www.strasbourgeauxvives.org\/site\/index.php\/wp-json\/wp\/v2\/users\/314"}],"replies":[{"embeddable":true,"href":"https:\/\/www.strasbourgeauxvives.org\/site\/index.php\/wp-json\/wp\/v2\/comments?post=4607"}],"version-history":[{"count":24,"href":"https:\/\/www.strasbourgeauxvives.org\/site\/index.php\/wp-json\/wp\/v2\/pages\/4607\/revisions"}],"predecessor-version":[{"id":4668,"href":"https:\/\/www.strasbourgeauxvives.org\/site\/index.php\/wp-json\/wp\/v2\/pages\/4607\/revisions\/4668"}],"up":[{"embeddable":true,"href":"https:\/\/www.strasbourgeauxvives.org\/site\/index.php\/wp-json\/wp\/v2\/pages\/21"}],"wp:attachment":[{"href":"https:\/\/www.strasbourgeauxvives.org\/site\/index.php\/wp-json\/wp\/v2\/media?parent=4607"}],"curies":[{"name":"wp","href":"https:\/\/api.w.org\/{rel}","templated":true}]}}