{"id":47,"date":"2018-06-24T22:11:04","date_gmt":"2018-06-24T20:11:04","guid":{"rendered":"http:\/\/strasbourgeauxvives.org\/site\/?page_id=47"},"modified":"2019-09-29T16:14:21","modified_gmt":"2019-09-29T14:14:21","slug":"courses-espoirs","status":"publish","type":"page","link":"https:\/\/www.strasbourgeauxvives.org\/site\/index.php\/competitions\/courses-espoirs\/","title":{"rendered":"Courses espoirs"},"content":{"rendered":"<p>Les courses espoirs sont destin\u00e9es aux jeunes \u00e0 partir de 8 ans jusqu&rsquo;\u00e0 13 ans. Elles sont repr\u00e9sent\u00e9es par 3 cat\u00e9gories d&rsquo;\u00e2ge : Les poussins, benjamins et les minimes.<\/p>\n<p>Durant l&rsquo;ann\u00e9e diff\u00e9rentes courses sont organis\u00e9es :<\/p>\n<ul>\n<li>Septembre &#8211; octobre : Classique de descente (course longue), comp\u00e9tition course en ligne de fond (1000m \u00e0 3000m) et slalom.<\/li>\n<li>D\u00e9cembre : Tournoi de kayak-polo en piscine.<\/li>\n<li>Mai : Course en ligne sprint 200m, sprint en descente.<\/li>\n<li>Juin : Slalom et\u00a0Challenge Jeunes pour les meilleurs minimes (Parcours eaux-vives et kayak-polo \u00e0 Huningue).<\/li>\n<li>Juillet : R\u00e9gates Nationales de l&rsquo;Espoir (Champion de France en 2017 !!!).<\/li>\n<\/ul>\n<p>L&rsquo;ensemble des courses permettent de faire un classement \u00ab\u00a0Troph\u00e9e des Espoirs\u00a0\u00bb \u00e0 la fin de l&rsquo;ann\u00e9e. Il d\u00e9signe le meilleur club au cumul\u00e9 de l&rsquo;ensemble des r\u00e9sultats.<\/p>\n<p><img loading=\"lazy\" decoding=\"async\" class=\"alignnone size-full wp-image-1736\" src=\"http:\/\/strasbourgeauxvives.org\/site\/wp-content\/uploads\/2019\/04\/Espoir-compress\u00e9.jpg\" alt=\"\" width=\"2048\" height=\"1357\" srcset=\"https:\/\/www.strasbourgeauxvives.org\/site\/wp-content\/uploads\/2019\/04\/Espoir-compress\u00e9.jpg 2048w, https:\/\/www.strasbourgeauxvives.org\/site\/wp-content\/uploads\/2019\/04\/Espoir-compress\u00e9-300x199.jpg 300w, https:\/\/www.strasbourgeauxvives.org\/site\/wp-content\/uploads\/2019\/04\/Espoir-compress\u00e9-768x509.jpg 768w, https:\/\/www.strasbourgeauxvives.org\/site\/wp-content\/uploads\/2019\/04\/Espoir-compress\u00e9-1024x679.jpg 1024w, https:\/\/www.strasbourgeauxvives.org\/site\/wp-content\/uploads\/2019\/04\/Espoir-compress\u00e9-1630x1080.jpg 1630w\" sizes=\"auto, (max-width: 2048px) 100vw, 2048px\" \/><\/p>\n","protected":false},"excerpt":{"rendered":"<p>Les courses espoirs sont destin\u00e9es aux jeunes \u00e0 partir de 8 ans jusqu&rsquo;\u00e0 13 ans. Elles sont repr\u00e9sent\u00e9es par 3 cat\u00e9gories d&rsquo;\u00e2ge : Les poussins, benjamins et les minimes. Durant l&rsquo;ann\u00e9e diff\u00e9rentes courses sont organis\u00e9es : Septembre &#8211; octobre : Classique de descente (course longue), comp\u00e9tition course en ligne de fond (1000m \u00e0 3000m) et&hellip; <br \/> <a class=\"button small blue\" href=\"https:\/\/www.strasbourgeauxvives.org\/site\/index.php\/competitions\/courses-espoirs\/\">Lire la suite<\/a><\/p>\n","protected":false},"author":2,"featured_media":0,"parent":21,"menu_order":0,"comment_status":"closed","ping_status":"closed","template":"","meta":{"footnotes":""},"class_list":["post-47","page","type-page","status-publish","hentry"],"jetpack_sharing_enabled":true,"_links":{"self":[{"href":"https:\/\/www.strasbourgeauxvives.org\/site\/index.php\/wp-json\/wp\/v2\/pages\/47","targetHints":{"allow":["GET"]}}],"collection":[{"href":"https:\/\/www.strasbourgeauxvives.org\/site\/index.php\/wp-json\/wp\/v2\/pages"}],"about":[{"href":"https:\/\/www.strasbourgeauxvives.org\/site\/index.php\/wp-json\/wp\/v2\/types\/page"}],"author":[{"embeddable":true,"href":"https:\/\/www.strasbourgeauxvives.org\/site\/index.php\/wp-json\/wp\/v2\/users\/2"}],"replies":[{"embeddable":true,"href":"https:\/\/www.strasbourgeauxvives.org\/site\/index.php\/wp-json\/wp\/v2\/comments?post=47"}],"version-history":[{"count":0,"href":"https:\/\/www.strasbourgeauxvives.org\/site\/index.php\/wp-json\/wp\/v2\/pages\/47\/revisions"}],"up":[{"embeddable":true,"href":"https:\/\/www.strasbourgeauxvives.org\/site\/index.php\/wp-json\/wp\/v2\/pages\/21"}],"wp:attachment":[{"href":"https:\/\/www.strasbourgeauxvives.org\/site\/index.php\/wp-json\/wp\/v2\/media?parent=47"}],"curies":[{"name":"wp","href":"https:\/\/api.w.org\/{rel}","templated":true}]}}