{"id":5048,"date":"2026-01-18T17:22:46","date_gmt":"2026-01-18T16:22:46","guid":{"rendered":"https:\/\/www.strasbourgeauxvives.org\/site\/?page_id=5048"},"modified":"2026-01-18T17:22:46","modified_gmt":"2026-01-18T16:22:46","slug":"statuts-et-reglement-interieur","status":"publish","type":"page","link":"https:\/\/www.strasbourgeauxvives.org\/site\/index.php\/statuts-et-reglement-interieur\/","title":{"rendered":"Statuts et r\u00e8glement int\u00e9rieur"},"content":{"rendered":"\n<h2 class=\"wp-block-heading\">Les Statuts de Strasbourg Eaux-Vives<\/h2>\n\n\n\n<p>Strasbourg Eaux-Vives a \u00e9t\u00e9 cr\u00e9\u00e9 le 11 mars 2000. <\/p>\n\n\n\n<p>Voici la derni\u00e8re r\u00e9vision des statuts, valid\u00e9e lors de l&rsquo;Assembl\u00e9e G\u00e9n\u00e9rale Extraordinaire du 17 janvier 2026 :<\/p>\n\n\n\n<div data-wp-interactive=\"core\/file\" class=\"wp-block-file\"><object data-wp-bind--hidden=\"!state.hasPdfPreview\" hidden class=\"wp-block-file__embed\" data=\"https:\/\/www.strasbourgeauxvives.org\/site\/wp-content\/uploads\/2026\/01\/Statuts-SEV-2026-FINALE-signed.pdf\" type=\"application\/pdf\" style=\"width:100%;height:600px\" aria-label=\"Contenu embarqu\u00e9 Statuts SEV 2026-FINALE (signed).\"><\/object><a id=\"wp-block-file--media-4c8ca588-e0b5-4f78-ace3-44945950a060\" href=\"https:\/\/www.strasbourgeauxvives.org\/site\/wp-content\/uploads\/2026\/01\/Statuts-SEV-2026-FINALE-signed.pdf\">Statuts SEV 2026-FINALE (signed)<\/a><a href=\"https:\/\/www.strasbourgeauxvives.org\/site\/wp-content\/uploads\/2026\/01\/Statuts-SEV-2026-FINALE-signed.pdf\" class=\"wp-block-file__button wp-element-button\" download aria-describedby=\"wp-block-file--media-4c8ca588-e0b5-4f78-ace3-44945950a060\">T\u00e9l\u00e9charger<\/a><\/div>\n\n\n\n<h2 class=\"wp-block-heading\">Le R\u00e8glement Int\u00e9rieur de Strasbourg Eaux-Vives<\/h2>\n\n\n\n<p>Voici la derni\u00e8re r\u00e9vision du R\u00e8glement Int\u00e9rieur, valid\u00e9e lors de l&rsquo;Assembl\u00e9e G\u00e9n\u00e9rale Extraordinaire du 20 mai 2021 :<\/p>\n\n\n\n<div data-wp-interactive=\"core\/file\" class=\"wp-block-file\"><object data-wp-bind--hidden=\"!state.hasPdfPreview\" hidden class=\"wp-block-file__embed\" data=\"https:\/\/www.strasbourgeauxvives.org\/site\/wp-content\/uploads\/2026\/01\/Reglement_Interieur-SEV-2021.pdf\" type=\"application\/pdf\" style=\"width:100%;height:600px\" aria-label=\"Contenu embarqu\u00e9 Re\u0300glement_Inte\u0301rieur SEV-2021.\"><\/object><a id=\"wp-block-file--media-7c3d3fed-cbaf-4439-92e9-604deae0f517\" href=\"https:\/\/www.strasbourgeauxvives.org\/site\/wp-content\/uploads\/2026\/01\/Reglement_Interieur-SEV-2021.pdf\">Re\u0300glement_Inte\u0301rieur SEV-2021<\/a><a href=\"https:\/\/www.strasbourgeauxvives.org\/site\/wp-content\/uploads\/2026\/01\/Reglement_Interieur-SEV-2021.pdf\" class=\"wp-block-file__button wp-element-button\" download aria-describedby=\"wp-block-file--media-7c3d3fed-cbaf-4439-92e9-604deae0f517\">T\u00e9l\u00e9charger<\/a><\/div>\n","protected":false},"excerpt":{"rendered":"<p>Les Statuts de Strasbourg Eaux-Vives Strasbourg Eaux-Vives a \u00e9t\u00e9 cr\u00e9\u00e9 le 11 mars 2000. Voici la derni\u00e8re r\u00e9vision des statuts, valid\u00e9e lors de l&rsquo;Assembl\u00e9e G\u00e9n\u00e9rale Extraordinaire du 17 janvier 2026 : Le R\u00e8glement Int\u00e9rieur de Strasbourg Eaux-Vives Voici la derni\u00e8re r\u00e9vision du R\u00e8glement Int\u00e9rieur, valid\u00e9e lors de l&rsquo;Assembl\u00e9e G\u00e9n\u00e9rale Extraordinaire du 20 mai 2021 :<\/p>\n","protected":false},"author":314,"featured_media":0,"parent":0,"menu_order":0,"comment_status":"closed","ping_status":"closed","template":"","meta":{"footnotes":""},"class_list":["post-5048","page","type-page","status-publish","hentry"],"jetpack_sharing_enabled":true,"_links":{"self":[{"href":"https:\/\/www.strasbourgeauxvives.org\/site\/index.php\/wp-json\/wp\/v2\/pages\/5048","targetHints":{"allow":["GET"]}}],"collection":[{"href":"https:\/\/www.strasbourgeauxvives.org\/site\/index.php\/wp-json\/wp\/v2\/pages"}],"about":[{"href":"https:\/\/www.strasbourgeauxvives.org\/site\/index.php\/wp-json\/wp\/v2\/types\/page"}],"author":[{"embeddable":true,"href":"https:\/\/www.strasbourgeauxvives.org\/site\/index.php\/wp-json\/wp\/v2\/users\/314"}],"replies":[{"embeddable":true,"href":"https:\/\/www.strasbourgeauxvives.org\/site\/index.php\/wp-json\/wp\/v2\/comments?post=5048"}],"version-history":[{"count":1,"href":"https:\/\/www.strasbourgeauxvives.org\/site\/index.php\/wp-json\/wp\/v2\/pages\/5048\/revisions"}],"predecessor-version":[{"id":5051,"href":"https:\/\/www.strasbourgeauxvives.org\/site\/index.php\/wp-json\/wp\/v2\/pages\/5048\/revisions\/5051"}],"wp:attachment":[{"href":"https:\/\/www.strasbourgeauxvives.org\/site\/index.php\/wp-json\/wp\/v2\/media?parent=5048"}],"curies":[{"name":"wp","href":"https:\/\/api.w.org\/{rel}","templated":true}]}}